{"id":71724,"date":"2026-01-04T18:25:19","date_gmt":"2026-01-04T18:25:19","guid":{"rendered":"https:\/\/mitjavilaslowshop.com\/producte\/xip-llentia-paprika-onion-30gr\/"},"modified":"2026-04-07T02:00:42","modified_gmt":"2026-04-07T02:00:42","slug":"xip-llentia-paprika-onion-30gr","status":"publish","type":"product","link":"https:\/\/mitjavilaslowshop.com\/es\/producte\/xip-llentia-paprika-onion-30gr\/","title":{"rendered":"XIP LLENTIA PAPRIKA &amp; ONION 30GR"},"content":{"rendered":"<h3 data-end=\"148\" data-start=\"106\">\ud83c\udf36\ufe0f <strong data-end=\"146\" data-start=\"114\">CHIP LLENTIA PAPRIKA &amp; ONION<\/strong><\/h3>\n<p data-end=\"355\" data-start=\"149\">Xips ecol&ograve;gics Llentia amb gust intens de pebre vermell i ceba. Elaborats amb ingredients naturals, sense additius ni conservants. Un snack cruixent, saludable i ple de sabor aut&egrave;ntic!<\/p>\n","protected":false},"excerpt":{"rendered":"<p>Els xips de llentia amb paprika i ceba \u00e9s una combinaci\u00f3 perfecta de sabor intens i textura cruixent. Elaborades amb llenties ecol\u00f2giques i aromatitzades amb esp\u00e8cies naturals, s\u00f3n ideals per a aperitius saludables o per picar entre hores sense remordiments. Es una font d&#8217; Alt contingut en prote\u00efnes vegetals, ric en fibra i baix en greixos saturats. Apte per a dietes veganes.<br \/>\nOrigen: Europa<\/p>\n","protected":false},"featured_media":71725,"comment_status":"open","ping_status":"closed","template":"","meta":{"_acf_changed":false,"_joinchat":[]},"product_brand":[440],"product_cat":[317],"product_tag":[],"class_list":{"0":"post-71724","1":"product","2":"type-product","3":"status-publish","4":"has-post-thumbnail","6":"product_brand-ecologic","7":"product_cat-snacks","9":"first","10":"instock","11":"taxable","12":"shipping-taxable","13":"purchasable","14":"product-type-simple"},"acf":[],"_links":{"self":[{"href":"https:\/\/mitjavilaslowshop.com\/es\/wp-json\/wp\/v2\/product\/71724","targetHints":{"allow":["GET"]}}],"collection":[{"href":"https:\/\/mitjavilaslowshop.com\/es\/wp-json\/wp\/v2\/product"}],"about":[{"href":"https:\/\/mitjavilaslowshop.com\/es\/wp-json\/wp\/v2\/types\/product"}],"replies":[{"embeddable":true,"href":"https:\/\/mitjavilaslowshop.com\/es\/wp-json\/wp\/v2\/comments?post=71724"}],"version-history":[{"count":7,"href":"https:\/\/mitjavilaslowshop.com\/es\/wp-json\/wp\/v2\/product\/71724\/revisions"}],"predecessor-version":[{"id":89051,"href":"https:\/\/mitjavilaslowshop.com\/es\/wp-json\/wp\/v2\/product\/71724\/revisions\/89051"}],"wp:featuredmedia":[{"embeddable":true,"href":"https:\/\/mitjavilaslowshop.com\/es\/wp-json\/wp\/v2\/media\/71725"}],"wp:attachment":[{"href":"https:\/\/mitjavilaslowshop.com\/es\/wp-json\/wp\/v2\/media?parent=71724"}],"wp:term":[{"taxonomy":"product_brand","embeddable":true,"href":"https:\/\/mitjavilaslowshop.com\/es\/wp-json\/wp\/v2\/product_brand?post=71724"},{"taxonomy":"product_cat","embeddable":true,"href":"https:\/\/mitjavilaslowshop.com\/es\/wp-json\/wp\/v2\/product_cat?post=71724"},{"taxonomy":"product_tag","embeddable":true,"href":"https:\/\/mitjavilaslowshop.com\/es\/wp-json\/wp\/v2\/product_tag?post=71724"}],"curies":[{"name":"wp","href":"https:\/\/api.w.org\/{rel}","templated":true}]}}