{"id":71716,"date":"2026-01-04T18:25:20","date_gmt":"2026-01-04T18:25:20","guid":{"rendered":"https:\/\/mitjavilaslowshop.com\/producte\/coquetes-fajol-sense-gluten-eco-bio\/"},"modified":"2026-03-17T13:48:46","modified_gmt":"2026-03-17T13:48:46","slug":"coquetes-de-alforfon-sin-gluten-eco-biologicas","status":"publish","type":"product","link":"https:\/\/mitjavilaslowshop.com\/es\/producte\/coquetes-de-alforfon-sin-gluten-eco-biologicas\/","title":{"rendered":"COQUETES DE ALFORF\u00d3N SIN GLUTEN ECO BIOL\u00d3GICAS"},"content":{"rendered":"<p>COQUETES DE ALFORF\u00d3N ECOL\u00d3GICAS <br \/>\nALFORF\u00d3N CON SAL MARINA DE CULTIVO ECOL\u00d3GICO (PUEDE CONTENER SOJA Y MOSTAZA)<\/p>\n","protected":false},"excerpt":{"rendered":"<p>COQUETES DE ALFORF\u00d3N ECOL\u00d3GICAS ALFORF\u00d3N CON SAL MARINA DE CULTIVO ECOL\u00d3GICO (PUEDE CONTENER SOJA Y MOSTAZA)<\/p>\n","protected":false},"featured_media":71717,"comment_status":"open","ping_status":"closed","template":"","meta":{"_acf_changed":false,"_joinchat":[]},"product_brand":[],"product_cat":[317],"product_tag":[],"class_list":{"0":"post-71716","1":"product","2":"type-product","3":"status-publish","4":"has-post-thumbnail","6":"product_cat-snacks","8":"first","9":"instock","10":"taxable","11":"shipping-taxable","12":"purchasable","13":"product-type-simple"},"acf":[],"_links":{"self":[{"href":"https:\/\/mitjavilaslowshop.com\/es\/wp-json\/wp\/v2\/product\/71716","targetHints":{"allow":["GET"]}}],"collection":[{"href":"https:\/\/mitjavilaslowshop.com\/es\/wp-json\/wp\/v2\/product"}],"about":[{"href":"https:\/\/mitjavilaslowshop.com\/es\/wp-json\/wp\/v2\/types\/product"}],"replies":[{"embeddable":true,"href":"https:\/\/mitjavilaslowshop.com\/es\/wp-json\/wp\/v2\/comments?post=71716"}],"version-history":[{"count":4,"href":"https:\/\/mitjavilaslowshop.com\/es\/wp-json\/wp\/v2\/product\/71716\/revisions"}],"predecessor-version":[{"id":79052,"href":"https:\/\/mitjavilaslowshop.com\/es\/wp-json\/wp\/v2\/product\/71716\/revisions\/79052"}],"wp:featuredmedia":[{"embeddable":true,"href":"https:\/\/mitjavilaslowshop.com\/es\/wp-json\/wp\/v2\/media\/71717"}],"wp:attachment":[{"href":"https:\/\/mitjavilaslowshop.com\/es\/wp-json\/wp\/v2\/media?parent=71716"}],"wp:term":[{"taxonomy":"product_brand","embeddable":true,"href":"https:\/\/mitjavilaslowshop.com\/es\/wp-json\/wp\/v2\/product_brand?post=71716"},{"taxonomy":"product_cat","embeddable":true,"href":"https:\/\/mitjavilaslowshop.com\/es\/wp-json\/wp\/v2\/product_cat?post=71716"},{"taxonomy":"product_tag","embeddable":true,"href":"https:\/\/mitjavilaslowshop.com\/es\/wp-json\/wp\/v2\/product_tag?post=71716"}],"curies":[{"name":"wp","href":"https:\/\/api.w.org\/{rel}","templated":true}]}}