{"id":71712,"date":"2026-01-04T18:25:21","date_gmt":"2026-01-04T18:25:21","guid":{"rendered":"https:\/\/mitjavilaslowshop.com\/producte\/cookies-espelta-bio\/"},"modified":"2026-03-17T13:48:46","modified_gmt":"2026-03-17T13:48:46","slug":"galletas-de-espelta-ecologicas-bio","status":"publish","type":"product","link":"https:\/\/mitjavilaslowshop.com\/es\/producte\/galletas-de-espelta-ecologicas-bio\/","title":{"rendered":"GALLETAS DE ESPELTA ECOL\u00d3GICAS BIO"},"content":{"rendered":"<p>La galleta ecol\u00f3gica de espelta, elaborada de forma artesanal, ofrece una textura crujiente y un sabor delicioso. Est\u00e1 hecha con ingredientes naturales y sostenibles, perfecta para acompa\u00f1ar tu caf\u00e9 o t\u00e9, o para disfrutar de un snack saludable en cualquier momento.<br \/>Origen: Catalu\u00f1a<\/p>\n","protected":false},"excerpt":{"rendered":"<p>La galleta ecol\u00f3gica de espelta, elaborada de forma artesanal, ofrece una textura crujiente y un sabor delicioso. Est\u00e1 hecha con ingredientes naturales y sostenibles, perfecta para acompa\u00f1ar tu caf\u00e9 o t\u00e9, o para disfrutar de un snack saludable en cualquier momento.Origen: Catalu\u00f1a<\/p>\n","protected":false},"featured_media":71713,"comment_status":"open","ping_status":"closed","template":"","meta":{"_acf_changed":false,"_joinchat":[]},"product_brand":[],"product_cat":[315],"product_tag":[],"class_list":{"0":"post-71712","1":"product","2":"type-product","3":"status-publish","4":"has-post-thumbnail","6":"product_cat-galletas","8":"first","9":"instock","10":"taxable","11":"shipping-taxable","12":"purchasable","13":"product-type-variable","14":"has-default-attributes"},"acf":[],"_links":{"self":[{"href":"https:\/\/mitjavilaslowshop.com\/es\/wp-json\/wp\/v2\/product\/71712","targetHints":{"allow":["GET"]}}],"collection":[{"href":"https:\/\/mitjavilaslowshop.com\/es\/wp-json\/wp\/v2\/product"}],"about":[{"href":"https:\/\/mitjavilaslowshop.com\/es\/wp-json\/wp\/v2\/types\/product"}],"replies":[{"embeddable":true,"href":"https:\/\/mitjavilaslowshop.com\/es\/wp-json\/wp\/v2\/comments?post=71712"}],"version-history":[{"count":6,"href":"https:\/\/mitjavilaslowshop.com\/es\/wp-json\/wp\/v2\/product\/71712\/revisions"}],"predecessor-version":[{"id":81528,"href":"https:\/\/mitjavilaslowshop.com\/es\/wp-json\/wp\/v2\/product\/71712\/revisions\/81528"}],"wp:featuredmedia":[{"embeddable":true,"href":"https:\/\/mitjavilaslowshop.com\/es\/wp-json\/wp\/v2\/media\/71713"}],"wp:attachment":[{"href":"https:\/\/mitjavilaslowshop.com\/es\/wp-json\/wp\/v2\/media?parent=71712"}],"wp:term":[{"taxonomy":"product_brand","embeddable":true,"href":"https:\/\/mitjavilaslowshop.com\/es\/wp-json\/wp\/v2\/product_brand?post=71712"},{"taxonomy":"product_cat","embeddable":true,"href":"https:\/\/mitjavilaslowshop.com\/es\/wp-json\/wp\/v2\/product_cat?post=71712"},{"taxonomy":"product_tag","embeddable":true,"href":"https:\/\/mitjavilaslowshop.com\/es\/wp-json\/wp\/v2\/product_tag?post=71712"}],"curies":[{"name":"wp","href":"https:\/\/api.w.org\/{rel}","templated":true}]}}