{"id":71708,"date":"2026-01-04T18:25:21","date_gmt":"2026-01-04T18:25:21","guid":{"rendered":"https:\/\/mitjavilaslowshop.com\/producte\/galeta-vegana-espelta-taronja-cany-melassa-bio\/"},"modified":"2026-04-03T02:00:10","modified_gmt":"2026-04-03T02:00:10","slug":"galeta-vegana-espelta-taronja-cany-melassa-bio","status":"publish","type":"product","link":"https:\/\/mitjavilaslowshop.com\/es\/producte\/galeta-vegana-espelta-taronja-cany-melassa-bio\/","title":{"rendered":"GALETA VEGANA ESPELTA TARONJA CANY MELASSA BIO"},"content":{"rendered":"<p>La galeta vegana d\u2019espelta amb taronja, canyella i melassa ecol\u00f2gica, elaborada artesanalment. Una combinaci\u00f3 \u00fanica que uneix la dol\u00e7or natural de la melassa amb el toc c\u00edtric de la taronja i l\u2019aroma especiat de la canyella. Perfecta per acompanyar el teu caf\u00e8, te o per gaudir d\u2019un snack saludable i sostenible.<\/p>\n<p>Origen: Catalunya<\/p>\n","protected":false},"excerpt":{"rendered":"<p>La galeta vegana d\u2019espelta amb taronja, canyella i melassa ecol\u00f2gica, elaborada artesanalment. Una combinaci\u00f3 \u00fanica que uneix la dol\u00e7or natural de la melassa amb el toc c\u00edtric de la taronja i l\u2019aroma especiat de la canyella. Perfecta per acompanyar el teu caf\u00e8, te o per gaudir d\u2019un snack saludable i sostenible.<\/p>\n<p>Origen: Catalunya<\/p>\n","protected":false},"featured_media":71709,"comment_status":"open","ping_status":"closed","template":"","meta":{"_acf_changed":false,"_joinchat":[]},"product_brand":[],"product_cat":[315],"product_tag":[],"class_list":{"0":"post-71708","1":"product","2":"type-product","3":"status-publish","4":"has-post-thumbnail","6":"product_cat-galletas","8":"first","9":"instock","10":"taxable","11":"shipping-taxable","12":"purchasable","13":"product-type-variable","14":"has-default-attributes"},"acf":[],"_links":{"self":[{"href":"https:\/\/mitjavilaslowshop.com\/es\/wp-json\/wp\/v2\/product\/71708","targetHints":{"allow":["GET"]}}],"collection":[{"href":"https:\/\/mitjavilaslowshop.com\/es\/wp-json\/wp\/v2\/product"}],"about":[{"href":"https:\/\/mitjavilaslowshop.com\/es\/wp-json\/wp\/v2\/types\/product"}],"replies":[{"embeddable":true,"href":"https:\/\/mitjavilaslowshop.com\/es\/wp-json\/wp\/v2\/comments?post=71708"}],"version-history":[{"count":5,"href":"https:\/\/mitjavilaslowshop.com\/es\/wp-json\/wp\/v2\/product\/71708\/revisions"}],"predecessor-version":[{"id":88224,"href":"https:\/\/mitjavilaslowshop.com\/es\/wp-json\/wp\/v2\/product\/71708\/revisions\/88224"}],"wp:featuredmedia":[{"embeddable":true,"href":"https:\/\/mitjavilaslowshop.com\/es\/wp-json\/wp\/v2\/media\/71709"}],"wp:attachment":[{"href":"https:\/\/mitjavilaslowshop.com\/es\/wp-json\/wp\/v2\/media?parent=71708"}],"wp:term":[{"taxonomy":"product_brand","embeddable":true,"href":"https:\/\/mitjavilaslowshop.com\/es\/wp-json\/wp\/v2\/product_brand?post=71708"},{"taxonomy":"product_cat","embeddable":true,"href":"https:\/\/mitjavilaslowshop.com\/es\/wp-json\/wp\/v2\/product_cat?post=71708"},{"taxonomy":"product_tag","embeddable":true,"href":"https:\/\/mitjavilaslowshop.com\/es\/wp-json\/wp\/v2\/product_tag?post=71708"}],"curies":[{"name":"wp","href":"https:\/\/api.w.org\/{rel}","templated":true}]}}