{"id":71700,"date":"2026-01-04T18:25:23","date_gmt":"2026-01-04T18:25:23","guid":{"rendered":"https:\/\/mitjavilaslowshop.com\/producte\/galeta-espelta-nabius-poma-bio\/"},"modified":"2026-03-17T13:48:44","modified_gmt":"2026-03-17T13:48:44","slug":"galletas-de-espelta-con-arandanos-y-manzana-ecologicas","status":"publish","type":"product","link":"https:\/\/mitjavilaslowshop.com\/es\/producte\/galletas-de-espelta-con-arandanos-y-manzana-ecologicas\/","title":{"rendered":"GALLETAS DE ESPELTA CON AR\u00c1NDANOS Y MANZANA ECOL\u00d3GICAS"},"content":{"rendered":"<p>Disfruta de la galleta ecol\u00f3gica de espelta integral con ar\u00e1ndanos y manzana, elaborada de forma artesanal. La combinaci\u00f3n de la dulzura natural de la manzana y el sabor intenso de los ar\u00e1ndanos, junto con la textura suave de la espelta BIO, ofrece un snack saludable y delicioso.<\/p>\n<p> Origen: Catalu\u00f1a<\/p>\n","protected":false},"excerpt":{"rendered":"<p>Disfruta de la galleta ecol\u00f3gica de espelta integral con ar\u00e1ndanos y manzana, elaborada de forma artesanal. La combinaci\u00f3n de la dulzura natural de la manzana y el sabor intenso de los ar\u00e1ndanos, junto con la textura suave de la espelta BIO, ofrece un snack saludable y delicioso. Origen: Catalu\u00f1a<\/p>\n","protected":false},"featured_media":71701,"comment_status":"open","ping_status":"closed","template":"","meta":{"_acf_changed":false,"_joinchat":[]},"product_brand":[],"product_cat":[315],"product_tag":[],"class_list":{"0":"post-71700","1":"product","2":"type-product","3":"status-publish","4":"has-post-thumbnail","6":"product_cat-galletas","8":"first","9":"instock","10":"taxable","11":"shipping-taxable","12":"purchasable","13":"product-type-variable","14":"has-default-attributes"},"acf":[],"_links":{"self":[{"href":"https:\/\/mitjavilaslowshop.com\/es\/wp-json\/wp\/v2\/product\/71700","targetHints":{"allow":["GET"]}}],"collection":[{"href":"https:\/\/mitjavilaslowshop.com\/es\/wp-json\/wp\/v2\/product"}],"about":[{"href":"https:\/\/mitjavilaslowshop.com\/es\/wp-json\/wp\/v2\/types\/product"}],"replies":[{"embeddable":true,"href":"https:\/\/mitjavilaslowshop.com\/es\/wp-json\/wp\/v2\/comments?post=71700"}],"version-history":[{"count":4,"href":"https:\/\/mitjavilaslowshop.com\/es\/wp-json\/wp\/v2\/product\/71700\/revisions"}],"predecessor-version":[{"id":79048,"href":"https:\/\/mitjavilaslowshop.com\/es\/wp-json\/wp\/v2\/product\/71700\/revisions\/79048"}],"wp:featuredmedia":[{"embeddable":true,"href":"https:\/\/mitjavilaslowshop.com\/es\/wp-json\/wp\/v2\/media\/71701"}],"wp:attachment":[{"href":"https:\/\/mitjavilaslowshop.com\/es\/wp-json\/wp\/v2\/media?parent=71700"}],"wp:term":[{"taxonomy":"product_brand","embeddable":true,"href":"https:\/\/mitjavilaslowshop.com\/es\/wp-json\/wp\/v2\/product_brand?post=71700"},{"taxonomy":"product_cat","embeddable":true,"href":"https:\/\/mitjavilaslowshop.com\/es\/wp-json\/wp\/v2\/product_cat?post=71700"},{"taxonomy":"product_tag","embeddable":true,"href":"https:\/\/mitjavilaslowshop.com\/es\/wp-json\/wp\/v2\/product_tag?post=71700"}],"curies":[{"name":"wp","href":"https:\/\/api.w.org\/{rel}","templated":true}]}}