{"id":71684,"date":"2026-01-04T18:25:25","date_gmt":"2026-01-04T18:25:25","guid":{"rendered":"https:\/\/mitjavilaslowshop.com\/producte\/galeta-espelta-rec-xoco-i-coco-bio\/"},"modified":"2026-03-17T13:48:44","modified_gmt":"2026-03-17T13:48:44","slug":"galletas-de-espelta-rec-chocolate-y-coco-ecologicas","status":"publish","type":"product","link":"https:\/\/mitjavilaslowshop.com\/es\/producte\/galletas-de-espelta-rec-chocolate-y-coco-ecologicas\/","title":{"rendered":"GALLETAS DE ESPELTA REC. CHOCOLATE Y COCO ECOL\u00d3GICAS"},"content":{"rendered":"<p>La galleta ecol\u00f3gica de espelta integral, cubierta con chocolate y coco, est\u00e1 elaborada de forma artesanal. Su textura suave combina la calidad del espelta BIO con el sabor intenso del chocolate y el toque ex\u00f3tico del coco, ofreciendo un snack saludable y delicioso.<br \/>Origen: Catalu\u00f1a<\/p>\n","protected":false},"excerpt":{"rendered":"<p>La galleta ecol\u00f3gica de espelta integral, cubierta con chocolate y coco, est\u00e1 elaborada de forma artesanal. Su textura suave combina la calidad del espelta BIO con el sabor intenso del chocolate y el toque ex\u00f3tico del coco, ofreciendo un snack saludable y delicioso.Origen: Catalu\u00f1a<\/p>\n","protected":false},"featured_media":71685,"comment_status":"open","ping_status":"closed","template":"","meta":{"_acf_changed":false,"_joinchat":[]},"product_brand":[],"product_cat":[315],"product_tag":[],"class_list":{"0":"post-71684","1":"product","2":"type-product","3":"status-publish","4":"has-post-thumbnail","6":"product_cat-galletas","8":"first","9":"instock","10":"taxable","11":"shipping-taxable","12":"purchasable","13":"product-type-variable","14":"has-default-attributes"},"acf":[],"_links":{"self":[{"href":"https:\/\/mitjavilaslowshop.com\/es\/wp-json\/wp\/v2\/product\/71684","targetHints":{"allow":["GET"]}}],"collection":[{"href":"https:\/\/mitjavilaslowshop.com\/es\/wp-json\/wp\/v2\/product"}],"about":[{"href":"https:\/\/mitjavilaslowshop.com\/es\/wp-json\/wp\/v2\/types\/product"}],"replies":[{"embeddable":true,"href":"https:\/\/mitjavilaslowshop.com\/es\/wp-json\/wp\/v2\/comments?post=71684"}],"version-history":[{"count":4,"href":"https:\/\/mitjavilaslowshop.com\/es\/wp-json\/wp\/v2\/product\/71684\/revisions"}],"predecessor-version":[{"id":79044,"href":"https:\/\/mitjavilaslowshop.com\/es\/wp-json\/wp\/v2\/product\/71684\/revisions\/79044"}],"wp:featuredmedia":[{"embeddable":true,"href":"https:\/\/mitjavilaslowshop.com\/es\/wp-json\/wp\/v2\/media\/71685"}],"wp:attachment":[{"href":"https:\/\/mitjavilaslowshop.com\/es\/wp-json\/wp\/v2\/media?parent=71684"}],"wp:term":[{"taxonomy":"product_brand","embeddable":true,"href":"https:\/\/mitjavilaslowshop.com\/es\/wp-json\/wp\/v2\/product_brand?post=71684"},{"taxonomy":"product_cat","embeddable":true,"href":"https:\/\/mitjavilaslowshop.com\/es\/wp-json\/wp\/v2\/product_cat?post=71684"},{"taxonomy":"product_tag","embeddable":true,"href":"https:\/\/mitjavilaslowshop.com\/es\/wp-json\/wp\/v2\/product_tag?post=71684"}],"curies":[{"name":"wp","href":"https:\/\/api.w.org\/{rel}","templated":true}]}}