{"id":71680,"date":"2026-01-04T18:25:25","date_gmt":"2026-01-04T18:25:25","guid":{"rendered":"https:\/\/mitjavilaslowshop.com\/producte\/galeta-despelta-i-curcuma\/"},"modified":"2026-03-17T13:48:43","modified_gmt":"2026-03-17T13:48:43","slug":"galletas-de-espelta-y-curcuma","status":"publish","type":"product","link":"https:\/\/mitjavilaslowshop.com\/es\/producte\/galletas-de-espelta-y-curcuma\/","title":{"rendered":"GALLETAS DE ESPELTA Y C\u00daRCUMA"},"content":{"rendered":"<p>La galleta ecol\u00f3gica de espelta con c\u00farcuma, elaborada de forma artesanal, combina la suavidad de la espelta integral BIO con el aroma y beneficios saludables de la c\u00farcuma, reconocida por sus propiedades antioxidantes y antiinflamatorias. Perfecta para acompa\u00f1ar tu caf\u00e9, t\u00e9 o como un snack nutritivo y sostenible.<\/p>\n<p> Origen: Catalu\u00f1a<\/p>\n","protected":false},"excerpt":{"rendered":"<p>La galleta ecol\u00f3gica de espelta con c\u00farcuma, elaborada de forma artesanal, combina la suavidad de la espelta integral BIO con el aroma y beneficios saludables de la c\u00farcuma, reconocida por sus propiedades antioxidantes y antiinflamatorias. Perfecta para acompa\u00f1ar tu caf\u00e9, t\u00e9 o como un snack nutritivo y sostenible. Origen: Catalu\u00f1a<\/p>\n","protected":false},"featured_media":71681,"comment_status":"open","ping_status":"closed","template":"","meta":{"_acf_changed":false,"_joinchat":[]},"product_brand":[],"product_cat":[315],"product_tag":[],"class_list":{"0":"post-71680","1":"product","2":"type-product","3":"status-publish","4":"has-post-thumbnail","6":"product_cat-galletas","8":"first","9":"instock","10":"taxable","11":"shipping-taxable","12":"purchasable","13":"product-type-variable","14":"has-default-attributes"},"acf":[],"_links":{"self":[{"href":"https:\/\/mitjavilaslowshop.com\/es\/wp-json\/wp\/v2\/product\/71680","targetHints":{"allow":["GET"]}}],"collection":[{"href":"https:\/\/mitjavilaslowshop.com\/es\/wp-json\/wp\/v2\/product"}],"about":[{"href":"https:\/\/mitjavilaslowshop.com\/es\/wp-json\/wp\/v2\/types\/product"}],"replies":[{"embeddable":true,"href":"https:\/\/mitjavilaslowshop.com\/es\/wp-json\/wp\/v2\/comments?post=71680"}],"version-history":[{"count":4,"href":"https:\/\/mitjavilaslowshop.com\/es\/wp-json\/wp\/v2\/product\/71680\/revisions"}],"predecessor-version":[{"id":79043,"href":"https:\/\/mitjavilaslowshop.com\/es\/wp-json\/wp\/v2\/product\/71680\/revisions\/79043"}],"wp:featuredmedia":[{"embeddable":true,"href":"https:\/\/mitjavilaslowshop.com\/es\/wp-json\/wp\/v2\/media\/71681"}],"wp:attachment":[{"href":"https:\/\/mitjavilaslowshop.com\/es\/wp-json\/wp\/v2\/media?parent=71680"}],"wp:term":[{"taxonomy":"product_brand","embeddable":true,"href":"https:\/\/mitjavilaslowshop.com\/es\/wp-json\/wp\/v2\/product_brand?post=71680"},{"taxonomy":"product_cat","embeddable":true,"href":"https:\/\/mitjavilaslowshop.com\/es\/wp-json\/wp\/v2\/product_cat?post=71680"},{"taxonomy":"product_tag","embeddable":true,"href":"https:\/\/mitjavilaslowshop.com\/es\/wp-json\/wp\/v2\/product_tag?post=71680"}],"curies":[{"name":"wp","href":"https:\/\/api.w.org\/{rel}","templated":true}]}}