{"id":71668,"date":"2026-01-04T18:25:27","date_gmt":"2026-01-04T18:25:27","guid":{"rendered":"https:\/\/mitjavilaslowshop.com\/producte\/galeta-espelta-amb-nabius-recoberta-de-xocolata\/"},"modified":"2026-03-17T13:48:41","modified_gmt":"2026-03-17T13:48:41","slug":"galletas-de-espelta-con-arandanos-cubiertas-de-chocolate","status":"publish","type":"product","link":"https:\/\/mitjavilaslowshop.com\/es\/producte\/galletas-de-espelta-con-arandanos-cubiertas-de-chocolate\/","title":{"rendered":"GALLETAS DE ESPELTA CON AR\u00c1NDANOS CUBIERTAS DE CHOCOLATE"},"content":{"rendered":"<p>La galleta ecol\u00f3gica de espelta integral con ar\u00e1ndanos y cobertura de chocolate est\u00e1 elaborada de forma artesanal. Su textura suave combina la calidad de la espelta BIO con el sabor afrutado de los ar\u00e1ndanos y el intenso chocolate ecol\u00f3gico, ofreciendo un snack saludable y delicioso.<br \/>Origen: Catalu\u00f1a<\/p>\n","protected":false},"excerpt":{"rendered":"<p>La galleta ecol\u00f3gica de espelta integral con ar\u00e1ndanos y cobertura de chocolate est\u00e1 elaborada de forma artesanal. Su textura suave combina la calidad de la espelta BIO con el sabor afrutado de los ar\u00e1ndanos y el intenso chocolate ecol\u00f3gico, ofreciendo un snack saludable y delicioso.Origen: Catalu\u00f1a<\/p>\n","protected":false},"featured_media":71669,"comment_status":"open","ping_status":"closed","template":"","meta":{"_acf_changed":false,"_joinchat":[]},"product_brand":[],"product_cat":[315],"product_tag":[],"class_list":{"0":"post-71668","1":"product","2":"type-product","3":"status-publish","4":"has-post-thumbnail","6":"product_cat-galletas","8":"first","9":"instock","10":"taxable","11":"shipping-taxable","12":"purchasable","13":"product-type-variable"},"acf":[],"_links":{"self":[{"href":"https:\/\/mitjavilaslowshop.com\/es\/wp-json\/wp\/v2\/product\/71668","targetHints":{"allow":["GET"]}}],"collection":[{"href":"https:\/\/mitjavilaslowshop.com\/es\/wp-json\/wp\/v2\/product"}],"about":[{"href":"https:\/\/mitjavilaslowshop.com\/es\/wp-json\/wp\/v2\/types\/product"}],"replies":[{"embeddable":true,"href":"https:\/\/mitjavilaslowshop.com\/es\/wp-json\/wp\/v2\/comments?post=71668"}],"version-history":[{"count":4,"href":"https:\/\/mitjavilaslowshop.com\/es\/wp-json\/wp\/v2\/product\/71668\/revisions"}],"predecessor-version":[{"id":79040,"href":"https:\/\/mitjavilaslowshop.com\/es\/wp-json\/wp\/v2\/product\/71668\/revisions\/79040"}],"wp:featuredmedia":[{"embeddable":true,"href":"https:\/\/mitjavilaslowshop.com\/es\/wp-json\/wp\/v2\/media\/71669"}],"wp:attachment":[{"href":"https:\/\/mitjavilaslowshop.com\/es\/wp-json\/wp\/v2\/media?parent=71668"}],"wp:term":[{"taxonomy":"product_brand","embeddable":true,"href":"https:\/\/mitjavilaslowshop.com\/es\/wp-json\/wp\/v2\/product_brand?post=71668"},{"taxonomy":"product_cat","embeddable":true,"href":"https:\/\/mitjavilaslowshop.com\/es\/wp-json\/wp\/v2\/product_cat?post=71668"},{"taxonomy":"product_tag","embeddable":true,"href":"https:\/\/mitjavilaslowshop.com\/es\/wp-json\/wp\/v2\/product_tag?post=71668"}],"curies":[{"name":"wp","href":"https:\/\/api.w.org\/{rel}","templated":true}]}}