{"id":71652,"date":"2026-01-04T18:25:30","date_gmt":"2026-01-04T18:25:30","guid":{"rendered":"https:\/\/mitjavilaslowshop.com\/producte\/barreta-moon-valley-eco-civada-datils-poma-i-canyella\/"},"modified":"2026-03-17T13:48:41","modified_gmt":"2026-03-17T13:48:41","slug":"barreta-moon-valley-eco-de-avena-datiles-manzana-y-canela","status":"publish","type":"product","link":"https:\/\/mitjavilaslowshop.com\/es\/producte\/barreta-moon-valley-eco-de-avena-datiles-manzana-y-canela\/","title":{"rendered":"BARRETA MOON VALLEY ECO DE AVENA, D\u00c1TILES, MANZANA Y CANELA"},"content":{"rendered":"<p><BARRA ENERG\u00c9TICA DE AVENA, D\u00c1TILES, MANZANA Y CANELA><\/p>\n","protected":false},"excerpt":{"rendered":"","protected":false},"featured_media":71653,"comment_status":"open","ping_status":"closed","template":"","meta":{"_acf_changed":false,"_joinchat":[]},"product_brand":[],"product_cat":[311],"product_tag":[],"class_list":{"0":"post-71652","1":"product","2":"type-product","3":"status-publish","4":"has-post-thumbnail","6":"product_cat-sport","8":"first","9":"instock","10":"taxable","11":"shipping-taxable","12":"purchasable","13":"product-type-simple"},"acf":[],"_links":{"self":[{"href":"https:\/\/mitjavilaslowshop.com\/es\/wp-json\/wp\/v2\/product\/71652","targetHints":{"allow":["GET"]}}],"collection":[{"href":"https:\/\/mitjavilaslowshop.com\/es\/wp-json\/wp\/v2\/product"}],"about":[{"href":"https:\/\/mitjavilaslowshop.com\/es\/wp-json\/wp\/v2\/types\/product"}],"replies":[{"embeddable":true,"href":"https:\/\/mitjavilaslowshop.com\/es\/wp-json\/wp\/v2\/comments?post=71652"}],"version-history":[{"count":4,"href":"https:\/\/mitjavilaslowshop.com\/es\/wp-json\/wp\/v2\/product\/71652\/revisions"}],"predecessor-version":[{"id":79036,"href":"https:\/\/mitjavilaslowshop.com\/es\/wp-json\/wp\/v2\/product\/71652\/revisions\/79036"}],"wp:featuredmedia":[{"embeddable":true,"href":"https:\/\/mitjavilaslowshop.com\/es\/wp-json\/wp\/v2\/media\/71653"}],"wp:attachment":[{"href":"https:\/\/mitjavilaslowshop.com\/es\/wp-json\/wp\/v2\/media?parent=71652"}],"wp:term":[{"taxonomy":"product_brand","embeddable":true,"href":"https:\/\/mitjavilaslowshop.com\/es\/wp-json\/wp\/v2\/product_brand?post=71652"},{"taxonomy":"product_cat","embeddable":true,"href":"https:\/\/mitjavilaslowshop.com\/es\/wp-json\/wp\/v2\/product_cat?post=71652"},{"taxonomy":"product_tag","embeddable":true,"href":"https:\/\/mitjavilaslowshop.com\/es\/wp-json\/wp\/v2\/product_tag?post=71652"}],"curies":[{"name":"wp","href":"https:\/\/api.w.org\/{rel}","templated":true}]}}