{"id":71644,"date":"2026-01-04T18:25:31","date_gmt":"2026-01-04T18:25:31","guid":{"rendered":"https:\/\/mitjavilaslowshop.com\/producte\/barreta-proteica-moon-valley-eco-cacau-banyat-en-xocolata\/"},"modified":"2026-03-17T13:48:39","modified_gmt":"2026-03-17T13:48:39","slug":"barreta-proteica-moon-valley-eco-cacao-baada-en-chocolate","status":"publish","type":"product","link":"https:\/\/mitjavilaslowshop.com\/es\/producte\/barreta-proteica-moon-valley-eco-cacao-baada-en-chocolate\/","title":{"rendered":"BARRETA PROTEICA MOON VALLEY ECO CACAO BA\u00d1ADA EN CHOCOLATE"},"content":{"rendered":"<p>BARRETA ENERG\u00c9TICA DE CACAO BA\u00d1ADA EN CHOCOLATE<\/p>\n","protected":false},"excerpt":{"rendered":"<p>BARRETA ENERG\u00c9TICA DE CACAO BA\u00d1ADA EN CHOCOLATE<\/p>\n","protected":false},"featured_media":71645,"comment_status":"open","ping_status":"closed","template":"","meta":{"_acf_changed":false,"_joinchat":[]},"product_brand":[],"product_cat":[311],"product_tag":[],"class_list":{"0":"post-71644","1":"product","2":"type-product","3":"status-publish","4":"has-post-thumbnail","6":"product_cat-sport","8":"first","9":"instock","10":"taxable","11":"shipping-taxable","12":"purchasable","13":"product-type-simple"},"acf":[],"_links":{"self":[{"href":"https:\/\/mitjavilaslowshop.com\/es\/wp-json\/wp\/v2\/product\/71644","targetHints":{"allow":["GET"]}}],"collection":[{"href":"https:\/\/mitjavilaslowshop.com\/es\/wp-json\/wp\/v2\/product"}],"about":[{"href":"https:\/\/mitjavilaslowshop.com\/es\/wp-json\/wp\/v2\/types\/product"}],"replies":[{"embeddable":true,"href":"https:\/\/mitjavilaslowshop.com\/es\/wp-json\/wp\/v2\/comments?post=71644"}],"version-history":[{"count":4,"href":"https:\/\/mitjavilaslowshop.com\/es\/wp-json\/wp\/v2\/product\/71644\/revisions"}],"predecessor-version":[{"id":79034,"href":"https:\/\/mitjavilaslowshop.com\/es\/wp-json\/wp\/v2\/product\/71644\/revisions\/79034"}],"wp:featuredmedia":[{"embeddable":true,"href":"https:\/\/mitjavilaslowshop.com\/es\/wp-json\/wp\/v2\/media\/71645"}],"wp:attachment":[{"href":"https:\/\/mitjavilaslowshop.com\/es\/wp-json\/wp\/v2\/media?parent=71644"}],"wp:term":[{"taxonomy":"product_brand","embeddable":true,"href":"https:\/\/mitjavilaslowshop.com\/es\/wp-json\/wp\/v2\/product_brand?post=71644"},{"taxonomy":"product_cat","embeddable":true,"href":"https:\/\/mitjavilaslowshop.com\/es\/wp-json\/wp\/v2\/product_cat?post=71644"},{"taxonomy":"product_tag","embeddable":true,"href":"https:\/\/mitjavilaslowshop.com\/es\/wp-json\/wp\/v2\/product_tag?post=71644"}],"curies":[{"name":"wp","href":"https:\/\/api.w.org\/{rel}","templated":true}]}}