{"id":71628,"date":"2026-01-04T18:25:32","date_gmt":"2026-01-04T18:25:32","guid":{"rendered":"https:\/\/mitjavilaslowshop.com\/producte\/tires-de-carn-vegetal-bio-texturitzada\/"},"modified":"2026-03-17T13:48:38","modified_gmt":"2026-03-17T13:48:38","slug":"neumaticos-de-carne-vegetal-bio-texturizada","status":"publish","type":"product","link":"https:\/\/mitjavilaslowshop.com\/es\/producte\/neumaticos-de-carne-vegetal-bio-texturizada\/","title":{"rendered":"NEUM\u00c1TICOS DE CARNE VEGETAL BIO TEXTURIZADA"},"content":{"rendered":"<p>Las Tiras de Carne Vegetal Bio Texturizada son una excelente alternativa a la carne convencional. Fabricadas con soja ecol\u00f3gica de primera calidad, aportan una gran cantidad de prote\u00ednas y son ideales para crear recetas nutritivas y llenas de sabor. Perfectas para dietas veganas, vegetarianas o para quienes desean disminuir el consumo de carne sin sacrificar el gusto.<br \/> Solo necesitas hidratarlas con agua caliente durante unos minutos y cocinarlas con tus especias preferidas. Una opci\u00f3n r\u00e1pida, vers\u00e1til y deliciosa.<\/p>\n","protected":false},"excerpt":{"rendered":"<p>Las Tiras de Carne Vegetal Bio Texturizada son una excelente alternativa a la carne convencional. Fabricadas con soja ecol\u00f3gica de primera calidad, aportan una gran cantidad de prote\u00ednas y son ideales para crear recetas nutritivas y llenas de sabor. Perfectas para dietas veganas, vegetarianas o para quienes desean disminuir el consumo de carne sin sacrificar el gusto. Solo necesitas hidratarlas con agua caliente durante unos minutos y cocinarlas con tus especias preferidas. Una opci\u00f3n r\u00e1pida, vers\u00e1til y deliciosa.<\/p>\n","protected":false},"featured_media":71629,"comment_status":"open","ping_status":"closed","template":"","meta":{"_acf_changed":false,"_joinchat":[]},"product_brand":[],"product_cat":[311],"product_tag":[],"class_list":{"0":"post-71628","1":"product","2":"type-product","3":"status-publish","4":"has-post-thumbnail","6":"product_cat-sport","8":"first","9":"instock","10":"taxable","11":"shipping-taxable","12":"purchasable","13":"product-type-simple"},"acf":[],"_links":{"self":[{"href":"https:\/\/mitjavilaslowshop.com\/es\/wp-json\/wp\/v2\/product\/71628","targetHints":{"allow":["GET"]}}],"collection":[{"href":"https:\/\/mitjavilaslowshop.com\/es\/wp-json\/wp\/v2\/product"}],"about":[{"href":"https:\/\/mitjavilaslowshop.com\/es\/wp-json\/wp\/v2\/types\/product"}],"replies":[{"embeddable":true,"href":"https:\/\/mitjavilaslowshop.com\/es\/wp-json\/wp\/v2\/comments?post=71628"}],"version-history":[{"count":4,"href":"https:\/\/mitjavilaslowshop.com\/es\/wp-json\/wp\/v2\/product\/71628\/revisions"}],"predecessor-version":[{"id":79030,"href":"https:\/\/mitjavilaslowshop.com\/es\/wp-json\/wp\/v2\/product\/71628\/revisions\/79030"}],"wp:featuredmedia":[{"embeddable":true,"href":"https:\/\/mitjavilaslowshop.com\/es\/wp-json\/wp\/v2\/media\/71629"}],"wp:attachment":[{"href":"https:\/\/mitjavilaslowshop.com\/es\/wp-json\/wp\/v2\/media?parent=71628"}],"wp:term":[{"taxonomy":"product_brand","embeddable":true,"href":"https:\/\/mitjavilaslowshop.com\/es\/wp-json\/wp\/v2\/product_brand?post=71628"},{"taxonomy":"product_cat","embeddable":true,"href":"https:\/\/mitjavilaslowshop.com\/es\/wp-json\/wp\/v2\/product_cat?post=71628"},{"taxonomy":"product_tag","embeddable":true,"href":"https:\/\/mitjavilaslowshop.com\/es\/wp-json\/wp\/v2\/product_tag?post=71628"}],"curies":[{"name":"wp","href":"https:\/\/api.w.org\/{rel}","templated":true}]}}