{"id":71612,"date":"2026-01-04T18:25:34","date_gmt":"2026-01-04T18:25:34","guid":{"rendered":"https:\/\/mitjavilaslowshop.com\/producte\/caramels-true-mints-de-menta\/"},"modified":"2026-03-17T13:49:04","modified_gmt":"2026-03-17T13:49:04","slug":"caramelos-true-mint","status":"publish","type":"product","link":"https:\/\/mitjavilaslowshop.com\/es\/producte\/caramelos-true-mint\/","title":{"rendered":"Caramelos True Mint"},"content":{"rendered":"<p>Los caramelos True Mints de menta est\u00e1n hechos con ingredientes naturales y sin az\u00facar a\u00f1adido. Son perfectos para refrescar el aliento de manera saludable, ofreciendo un sabor intenso y aut\u00e9ntico a menta. Ideales para llevar contigo a cualquier lugar, estos caramelos son veganos, sin gluten y respetuosos con el medio ambiente, dise\u00f1ados para quienes valoran un producto saludable y sostenible.<br \/>Origen: Europa<\/p>\n","protected":false},"excerpt":{"rendered":"<p>Los caramelos True Mints de menta est\u00e1n hechos con ingredientes naturales y sin az\u00facar a\u00f1adido. Son perfectos para refrescar el aliento de manera saludable, ofreciendo un sabor intenso y aut\u00e9ntico a menta. Ideales para llevar contigo a cualquier lugar, estos caramelos son veganos, sin gluten y respetuosos con el medio ambiente, dise\u00f1ados para quienes valoran un producto saludable y sostenible.Origen: Europa<\/p>\n","protected":false},"featured_media":71614,"comment_status":"open","ping_status":"closed","template":"","meta":{"_acf_changed":false,"_joinchat":[]},"product_brand":[],"product_cat":[301],"product_tag":[],"class_list":{"0":"post-71612","1":"product","2":"type-product","3":"status-publish","4":"has-post-thumbnail","6":"product_cat-xiclets","8":"first","9":"instock","10":"taxable","11":"shipping-taxable","12":"purchasable","13":"product-type-variable","14":"has-default-attributes"},"acf":[],"_links":{"self":[{"href":"https:\/\/mitjavilaslowshop.com\/es\/wp-json\/wp\/v2\/product\/71612","targetHints":{"allow":["GET"]}}],"collection":[{"href":"https:\/\/mitjavilaslowshop.com\/es\/wp-json\/wp\/v2\/product"}],"about":[{"href":"https:\/\/mitjavilaslowshop.com\/es\/wp-json\/wp\/v2\/types\/product"}],"replies":[{"embeddable":true,"href":"https:\/\/mitjavilaslowshop.com\/es\/wp-json\/wp\/v2\/comments?post=71612"}],"version-history":[{"count":4,"href":"https:\/\/mitjavilaslowshop.com\/es\/wp-json\/wp\/v2\/product\/71612\/revisions"}],"predecessor-version":[{"id":79027,"href":"https:\/\/mitjavilaslowshop.com\/es\/wp-json\/wp\/v2\/product\/71612\/revisions\/79027"}],"wp:featuredmedia":[{"embeddable":true,"href":"https:\/\/mitjavilaslowshop.com\/es\/wp-json\/wp\/v2\/media\/71614"}],"wp:attachment":[{"href":"https:\/\/mitjavilaslowshop.com\/es\/wp-json\/wp\/v2\/media?parent=71612"}],"wp:term":[{"taxonomy":"product_brand","embeddable":true,"href":"https:\/\/mitjavilaslowshop.com\/es\/wp-json\/wp\/v2\/product_brand?post=71612"},{"taxonomy":"product_cat","embeddable":true,"href":"https:\/\/mitjavilaslowshop.com\/es\/wp-json\/wp\/v2\/product_cat?post=71612"},{"taxonomy":"product_tag","embeddable":true,"href":"https:\/\/mitjavilaslowshop.com\/es\/wp-json\/wp\/v2\/product_tag?post=71612"}],"curies":[{"name":"wp","href":"https:\/\/api.w.org\/{rel}","templated":true}]}}