{"id":71604,"date":"2026-01-04T18:25:36","date_gmt":"2026-01-04T18:25:36","guid":{"rendered":"https:\/\/mitjavilaslowshop.com\/producte\/xiclets-gingebre\/"},"modified":"2026-03-17T13:48:36","modified_gmt":"2026-03-17T13:48:36","slug":"xiclets-jengibre","status":"publish","type":"product","link":"https:\/\/mitjavilaslowshop.com\/es\/producte\/xiclets-jengibre\/","title":{"rendered":"XICLETS JENGIBRE"},"content":{"rendered":"<p>El Chicle de Jengibre est\u00e1 elaborado con ingredientes naturales que proporcionan un sabor intenso y ligeramente picante, ideal para quienes desean una experiencia refrescante y diferente. Combina la frescura con el caracter\u00edstico toque especiado del jengibre.<br \/> Adem\u00e1s, es una opci\u00f3n sin gluten y ecol\u00f3gica, dise\u00f1ada para quienes prefieren productos naturales y sostenibles.<br \/> Origen: Europa<\/p>\n","protected":false},"excerpt":{"rendered":"<p>El Chicle de Jengibre est\u00e1 elaborado con ingredientes naturales que proporcionan un sabor intenso y ligeramente picante, ideal para quienes desean una experiencia refrescante y diferente. Combina la frescura con el caracter\u00edstico toque especiado del jengibre. Adem\u00e1s, es una opci\u00f3n sin gluten y ecol\u00f3gica, dise\u00f1ada para quienes prefieren productos naturales y sostenibles. Origen: Europa<\/p>\n","protected":false},"featured_media":71605,"comment_status":"open","ping_status":"closed","template":"","meta":{"_acf_changed":false,"_joinchat":[]},"product_brand":[],"product_cat":[301],"product_tag":[],"class_list":{"0":"post-71604","1":"product","2":"type-product","3":"status-publish","4":"has-post-thumbnail","6":"product_cat-xiclets","8":"first","9":"instock","10":"taxable","11":"shipping-taxable","12":"purchasable","13":"product-type-simple"},"acf":[],"_links":{"self":[{"href":"https:\/\/mitjavilaslowshop.com\/es\/wp-json\/wp\/v2\/product\/71604","targetHints":{"allow":["GET"]}}],"collection":[{"href":"https:\/\/mitjavilaslowshop.com\/es\/wp-json\/wp\/v2\/product"}],"about":[{"href":"https:\/\/mitjavilaslowshop.com\/es\/wp-json\/wp\/v2\/types\/product"}],"replies":[{"embeddable":true,"href":"https:\/\/mitjavilaslowshop.com\/es\/wp-json\/wp\/v2\/comments?post=71604"}],"version-history":[{"count":4,"href":"https:\/\/mitjavilaslowshop.com\/es\/wp-json\/wp\/v2\/product\/71604\/revisions"}],"predecessor-version":[{"id":79026,"href":"https:\/\/mitjavilaslowshop.com\/es\/wp-json\/wp\/v2\/product\/71604\/revisions\/79026"}],"wp:featuredmedia":[{"embeddable":true,"href":"https:\/\/mitjavilaslowshop.com\/es\/wp-json\/wp\/v2\/media\/71605"}],"wp:attachment":[{"href":"https:\/\/mitjavilaslowshop.com\/es\/wp-json\/wp\/v2\/media?parent=71604"}],"wp:term":[{"taxonomy":"product_brand","embeddable":true,"href":"https:\/\/mitjavilaslowshop.com\/es\/wp-json\/wp\/v2\/product_brand?post=71604"},{"taxonomy":"product_cat","embeddable":true,"href":"https:\/\/mitjavilaslowshop.com\/es\/wp-json\/wp\/v2\/product_cat?post=71604"},{"taxonomy":"product_tag","embeddable":true,"href":"https:\/\/mitjavilaslowshop.com\/es\/wp-json\/wp\/v2\/product_tag?post=71604"}],"curies":[{"name":"wp","href":"https:\/\/api.w.org\/{rel}","templated":true}]}}