{"id":71600,"date":"2026-01-04T18:25:36","date_gmt":"2026-01-04T18:25:36","guid":{"rendered":"https:\/\/mitjavilaslowshop.com\/producte\/xiclet-llimona\/"},"modified":"2026-03-17T13:48:36","modified_gmt":"2026-03-17T13:48:36","slug":"chicle-de-limon","status":"publish","type":"product","link":"https:\/\/mitjavilaslowshop.com\/es\/producte\/chicle-de-limon\/","title":{"rendered":"CHICLE DE LIM\u00d3N"},"content":{"rendered":"<p>El Chicle de Lim\u00f3n est\u00e1 hecho con ingredientes naturales para brindar una experiencia refrescante y duradera. Su sabor intenso a lim\u00f3n mantiene una sensaci\u00f3n de frescura durante todo el d\u00eda. Perfecto para llevar en el bolso o tener siempre a mano, es una opci\u00f3n sin gluten y ecol\u00f3gica, dise\u00f1ada para quienes buscan un producto delicioso y saludable.<br \/>Origen: Europa<\/p>\n","protected":false},"excerpt":{"rendered":"<p>El Chicle de Lim\u00f3n est\u00e1 hecho con ingredientes naturales para brindar una experiencia refrescante y duradera. Su sabor intenso a lim\u00f3n mantiene una sensaci\u00f3n de frescura durante todo el d\u00eda. Perfecto para llevar en el bolso o tener siempre a mano, es una opci\u00f3n sin gluten y ecol\u00f3gica, dise\u00f1ada para quienes buscan un producto delicioso y saludable.Origen: Europa<\/p>\n","protected":false},"featured_media":71601,"comment_status":"open","ping_status":"closed","template":"","meta":{"_acf_changed":false,"_joinchat":[]},"product_brand":[],"product_cat":[301],"product_tag":[],"class_list":{"0":"post-71600","1":"product","2":"type-product","3":"status-publish","4":"has-post-thumbnail","6":"product_cat-xiclets","8":"first","9":"instock","10":"taxable","11":"shipping-taxable","12":"purchasable","13":"product-type-simple"},"acf":[],"_links":{"self":[{"href":"https:\/\/mitjavilaslowshop.com\/es\/wp-json\/wp\/v2\/product\/71600","targetHints":{"allow":["GET"]}}],"collection":[{"href":"https:\/\/mitjavilaslowshop.com\/es\/wp-json\/wp\/v2\/product"}],"about":[{"href":"https:\/\/mitjavilaslowshop.com\/es\/wp-json\/wp\/v2\/types\/product"}],"replies":[{"embeddable":true,"href":"https:\/\/mitjavilaslowshop.com\/es\/wp-json\/wp\/v2\/comments?post=71600"}],"version-history":[{"count":4,"href":"https:\/\/mitjavilaslowshop.com\/es\/wp-json\/wp\/v2\/product\/71600\/revisions"}],"predecessor-version":[{"id":79025,"href":"https:\/\/mitjavilaslowshop.com\/es\/wp-json\/wp\/v2\/product\/71600\/revisions\/79025"}],"wp:featuredmedia":[{"embeddable":true,"href":"https:\/\/mitjavilaslowshop.com\/es\/wp-json\/wp\/v2\/media\/71601"}],"wp:attachment":[{"href":"https:\/\/mitjavilaslowshop.com\/es\/wp-json\/wp\/v2\/media?parent=71600"}],"wp:term":[{"taxonomy":"product_brand","embeddable":true,"href":"https:\/\/mitjavilaslowshop.com\/es\/wp-json\/wp\/v2\/product_brand?post=71600"},{"taxonomy":"product_cat","embeddable":true,"href":"https:\/\/mitjavilaslowshop.com\/es\/wp-json\/wp\/v2\/product_cat?post=71600"},{"taxonomy":"product_tag","embeddable":true,"href":"https:\/\/mitjavilaslowshop.com\/es\/wp-json\/wp\/v2\/product_tag?post=71600"}],"curies":[{"name":"wp","href":"https:\/\/api.w.org\/{rel}","templated":true}]}}