{"id":71584,"date":"2026-01-04T18:25:38","date_gmt":"2026-01-04T18:25:38","guid":{"rendered":"https:\/\/mitjavilaslowshop.com\/producte\/xiclet-true-gum-canyella\/"},"modified":"2026-03-17T13:48:34","modified_gmt":"2026-03-17T13:48:34","slug":"chicle-true-gum-canela","status":"publish","type":"product","link":"https:\/\/mitjavilaslowshop.com\/es\/producte\/chicle-true-gum-canela\/","title":{"rendered":"CHICLE TRUE GUM CANELA"},"content":{"rendered":"<p>El chicle True Gum Canela est\u00e1 hecho con ingredientes naturales y sin pl\u00e1stico. Es 100% vegano, libre de gluten y sin aditivos artificiales, ideal para quienes prefieren una opci\u00f3n saludable y sostenible.<br \/> Su sabor aut\u00e9ntico a canela natural ofrece una frescura duradera y una experiencia \u00fanica, cuidando el medio ambiente.<br \/> Origen: Europa<\/p>\n","protected":false},"excerpt":{"rendered":"<p>El chicle True Gum Canela est\u00e1 hecho con ingredientes naturales y sin pl\u00e1stico. Es 100% vegano, libre de gluten y sin aditivos artificiales, ideal para quienes prefieren una opci\u00f3n saludable y sostenible. Su sabor aut\u00e9ntico a canela natural ofrece una frescura duradera y una experiencia \u00fanica, cuidando el medio ambiente. Origen: Europa<\/p>\n","protected":false},"featured_media":71585,"comment_status":"open","ping_status":"closed","template":"","meta":{"_acf_changed":false,"_joinchat":[]},"product_brand":[],"product_cat":[301],"product_tag":[],"class_list":{"0":"post-71584","1":"product","2":"type-product","3":"status-publish","4":"has-post-thumbnail","6":"product_cat-xiclets","8":"first","9":"instock","10":"taxable","11":"shipping-taxable","12":"purchasable","13":"product-type-simple"},"acf":[],"_links":{"self":[{"href":"https:\/\/mitjavilaslowshop.com\/es\/wp-json\/wp\/v2\/product\/71584","targetHints":{"allow":["GET"]}}],"collection":[{"href":"https:\/\/mitjavilaslowshop.com\/es\/wp-json\/wp\/v2\/product"}],"about":[{"href":"https:\/\/mitjavilaslowshop.com\/es\/wp-json\/wp\/v2\/types\/product"}],"replies":[{"embeddable":true,"href":"https:\/\/mitjavilaslowshop.com\/es\/wp-json\/wp\/v2\/comments?post=71584"}],"version-history":[{"count":4,"href":"https:\/\/mitjavilaslowshop.com\/es\/wp-json\/wp\/v2\/product\/71584\/revisions"}],"predecessor-version":[{"id":79021,"href":"https:\/\/mitjavilaslowshop.com\/es\/wp-json\/wp\/v2\/product\/71584\/revisions\/79021"}],"wp:featuredmedia":[{"embeddable":true,"href":"https:\/\/mitjavilaslowshop.com\/es\/wp-json\/wp\/v2\/media\/71585"}],"wp:attachment":[{"href":"https:\/\/mitjavilaslowshop.com\/es\/wp-json\/wp\/v2\/media?parent=71584"}],"wp:term":[{"taxonomy":"product_brand","embeddable":true,"href":"https:\/\/mitjavilaslowshop.com\/es\/wp-json\/wp\/v2\/product_brand?post=71584"},{"taxonomy":"product_cat","embeddable":true,"href":"https:\/\/mitjavilaslowshop.com\/es\/wp-json\/wp\/v2\/product_cat?post=71584"},{"taxonomy":"product_tag","embeddable":true,"href":"https:\/\/mitjavilaslowshop.com\/es\/wp-json\/wp\/v2\/product_tag?post=71584"}],"curies":[{"name":"wp","href":"https:\/\/api.w.org\/{rel}","templated":true}]}}