{"id":71576,"date":"2026-01-04T18:25:39","date_gmt":"2026-01-04T18:25:39","guid":{"rendered":"https:\/\/mitjavilaslowshop.com\/producte\/pressec-en-almivar\/"},"modified":"2026-03-17T13:48:33","modified_gmt":"2026-03-17T13:48:33","slug":"melocoton-en-almibar","status":"publish","type":"product","link":"https:\/\/mitjavilaslowshop.com\/es\/producte\/melocoton-en-almibar\/","title":{"rendered":"MELOCOT\u00d3N EN ALM\u00cdBAR"},"content":{"rendered":"<p>La fruta en alm\u00edbar de Fruita Blanch se selecciona cuidadosamente, considerando el grado de madurez, clave para una conservaci\u00f3n \u00f3ptima, y un tama\u00f1o uniforme para una presentaci\u00f3n impecable.<br \/> Luego, la fruta se limpia, pela y deshuesa manualmente. Se coloca en frascos de vidrio esterilizados, que se rellenan con un alm\u00edbar elaborado solo con agua y az\u00facar, sin aditivos. Despu\u00e9s, los frascos se cierran herm\u00e9ticamente y se procesan en ba\u00f1o mar\u00eda para garantizar una conservaci\u00f3n prolongada, preservando todas las propiedades y el sabor natural de la fruta.<br \/> Origen: Lleida<\/p>\n","protected":false},"excerpt":{"rendered":"<p>La fruta en alm\u00edbar de Fruita Blanch se selecciona cuidadosamente, considerando el grado de madurez, clave para una conservaci\u00f3n \u00f3ptima, y un tama\u00f1o uniforme para una presentaci\u00f3n impecable. Luego, la fruta se limpia, pela y deshuesa manualmente. Se coloca en frascos de vidrio esterilizados, que se rellenan con un alm\u00edbar elaborado solo con agua y az\u00facar, sin aditivos. Despu\u00e9s, los frascos se cierran herm\u00e9ticamente y se procesan en ba\u00f1o mar\u00eda para garantizar una conservaci\u00f3n prolongada, preservando todas las propiedades y el sabor natural de la fruta. Origen: Lleida<\/p>\n","protected":false},"featured_media":71577,"comment_status":"open","ping_status":"closed","template":"","meta":{"_acf_changed":false,"_joinchat":[]},"product_brand":[],"product_cat":[297],"product_tag":[],"class_list":{"0":"post-71576","1":"product","2":"type-product","3":"status-publish","4":"has-post-thumbnail","6":"product_cat-mermeladas","8":"first","9":"instock","10":"taxable","11":"shipping-taxable","12":"purchasable","13":"product-type-simple"},"acf":[],"_links":{"self":[{"href":"https:\/\/mitjavilaslowshop.com\/es\/wp-json\/wp\/v2\/product\/71576","targetHints":{"allow":["GET"]}}],"collection":[{"href":"https:\/\/mitjavilaslowshop.com\/es\/wp-json\/wp\/v2\/product"}],"about":[{"href":"https:\/\/mitjavilaslowshop.com\/es\/wp-json\/wp\/v2\/types\/product"}],"replies":[{"embeddable":true,"href":"https:\/\/mitjavilaslowshop.com\/es\/wp-json\/wp\/v2\/comments?post=71576"}],"version-history":[{"count":4,"href":"https:\/\/mitjavilaslowshop.com\/es\/wp-json\/wp\/v2\/product\/71576\/revisions"}],"predecessor-version":[{"id":79019,"href":"https:\/\/mitjavilaslowshop.com\/es\/wp-json\/wp\/v2\/product\/71576\/revisions\/79019"}],"wp:featuredmedia":[{"embeddable":true,"href":"https:\/\/mitjavilaslowshop.com\/es\/wp-json\/wp\/v2\/media\/71577"}],"wp:attachment":[{"href":"https:\/\/mitjavilaslowshop.com\/es\/wp-json\/wp\/v2\/media?parent=71576"}],"wp:term":[{"taxonomy":"product_brand","embeddable":true,"href":"https:\/\/mitjavilaslowshop.com\/es\/wp-json\/wp\/v2\/product_brand?post=71576"},{"taxonomy":"product_cat","embeddable":true,"href":"https:\/\/mitjavilaslowshop.com\/es\/wp-json\/wp\/v2\/product_cat?post=71576"},{"taxonomy":"product_tag","embeddable":true,"href":"https:\/\/mitjavilaslowshop.com\/es\/wp-json\/wp\/v2\/product_tag?post=71576"}],"curies":[{"name":"wp","href":"https:\/\/api.w.org\/{rel}","templated":true}]}}