{"id":71572,"date":"2026-01-04T18:25:40","date_gmt":"2026-01-04T18:25:40","guid":{"rendered":"https:\/\/mitjavilaslowshop.com\/producte\/melmelada-ecologica-extra-bio-taronja\/"},"modified":"2026-03-17T13:48:33","modified_gmt":"2026-03-17T13:48:33","slug":"mermelada-ecologica-extra-bio-de-naranja","status":"publish","type":"product","link":"https:\/\/mitjavilaslowshop.com\/es\/producte\/mermelada-ecologica-extra-bio-de-naranja\/","title":{"rendered":"MERMELADA ECOL\u00d3GICA EXTRA BIO DE NARANJA"},"content":{"rendered":"<p>La mermelada extra ecol\u00f3gica de naranja BIO est\u00e1 elaborada con naranjas cultivadas de forma org\u00e1nica, sin aditivos artificiales. Esta receta tradicional mantiene todas las propiedades naturales de la fruta, perfecta para desayunos saludables, postres o para dar un toque especial a tus platos.<br \/> Origen: Catalu\u00f1a<\/p>\n","protected":false},"excerpt":{"rendered":"<p>La mermelada extra ecol\u00f3gica de naranja BIO est\u00e1 elaborada con naranjas cultivadas de forma org\u00e1nica, sin aditivos artificiales. Esta receta tradicional mantiene todas las propiedades naturales de la fruta, perfecta para desayunos saludables, postres o para dar un toque especial a tus platos. Origen: Catalu\u00f1a<\/p>\n","protected":false},"featured_media":71573,"comment_status":"open","ping_status":"closed","template":"","meta":{"_acf_changed":false,"_joinchat":[]},"product_brand":[],"product_cat":[297],"product_tag":[],"class_list":{"0":"post-71572","1":"product","2":"type-product","3":"status-publish","4":"has-post-thumbnail","6":"product_cat-mermeladas","8":"first","9":"instock","10":"taxable","11":"shipping-taxable","12":"purchasable","13":"product-type-simple"},"acf":[],"_links":{"self":[{"href":"https:\/\/mitjavilaslowshop.com\/es\/wp-json\/wp\/v2\/product\/71572","targetHints":{"allow":["GET"]}}],"collection":[{"href":"https:\/\/mitjavilaslowshop.com\/es\/wp-json\/wp\/v2\/product"}],"about":[{"href":"https:\/\/mitjavilaslowshop.com\/es\/wp-json\/wp\/v2\/types\/product"}],"replies":[{"embeddable":true,"href":"https:\/\/mitjavilaslowshop.com\/es\/wp-json\/wp\/v2\/comments?post=71572"}],"version-history":[{"count":4,"href":"https:\/\/mitjavilaslowshop.com\/es\/wp-json\/wp\/v2\/product\/71572\/revisions"}],"predecessor-version":[{"id":79018,"href":"https:\/\/mitjavilaslowshop.com\/es\/wp-json\/wp\/v2\/product\/71572\/revisions\/79018"}],"wp:featuredmedia":[{"embeddable":true,"href":"https:\/\/mitjavilaslowshop.com\/es\/wp-json\/wp\/v2\/media\/71573"}],"wp:attachment":[{"href":"https:\/\/mitjavilaslowshop.com\/es\/wp-json\/wp\/v2\/media?parent=71572"}],"wp:term":[{"taxonomy":"product_brand","embeddable":true,"href":"https:\/\/mitjavilaslowshop.com\/es\/wp-json\/wp\/v2\/product_brand?post=71572"},{"taxonomy":"product_cat","embeddable":true,"href":"https:\/\/mitjavilaslowshop.com\/es\/wp-json\/wp\/v2\/product_cat?post=71572"},{"taxonomy":"product_tag","embeddable":true,"href":"https:\/\/mitjavilaslowshop.com\/es\/wp-json\/wp\/v2\/product_tag?post=71572"}],"curies":[{"name":"wp","href":"https:\/\/api.w.org\/{rel}","templated":true}]}}