{"id":71568,"date":"2026-01-04T18:25:40","date_gmt":"2026-01-04T18:25:40","guid":{"rendered":"https:\/\/mitjavilaslowshop.com\/producte\/melmelada-ecologica-extra-bio-pressec\/"},"modified":"2026-03-17T13:48:33","modified_gmt":"2026-03-17T13:48:33","slug":"mermelada-ecologica-extra-bio-de-melocoton","status":"publish","type":"product","link":"https:\/\/mitjavilaslowshop.com\/es\/producte\/mermelada-ecologica-extra-bio-de-melocoton\/","title":{"rendered":"MERMELADA ECOL\u00d3GICA EXTRA BIO DE MELOCOT\u00d3N"},"content":{"rendered":"<p>La mermelada extra ecol\u00f3gica de melocot\u00f3n BIO est\u00e1 elaborada con melocotones cultivados de forma org\u00e1nica y sin aditivos artificiales. Esta receta tradicional mantiene todo el sabor y las propiedades naturales de la fruta, ideal para desayunos saludables, postres o para dar un toque especial a tus platos.<br \/> Origen: Catalu\u00f1a<\/p>\n","protected":false},"excerpt":{"rendered":"<p>La mermelada extra ecol\u00f3gica de melocot\u00f3n BIO est\u00e1 elaborada con melocotones cultivados de forma org\u00e1nica y sin aditivos artificiales. Esta receta tradicional mantiene todo el sabor y las propiedades naturales de la fruta, ideal para desayunos saludables, postres o para dar un toque especial a tus platos. Origen: Catalu\u00f1a<\/p>\n","protected":false},"featured_media":71569,"comment_status":"open","ping_status":"closed","template":"","meta":{"_acf_changed":false,"_joinchat":[]},"product_brand":[],"product_cat":[297],"product_tag":[],"class_list":{"0":"post-71568","1":"product","2":"type-product","3":"status-publish","4":"has-post-thumbnail","6":"product_cat-mermeladas","8":"first","9":"instock","10":"taxable","11":"shipping-taxable","12":"purchasable","13":"product-type-simple"},"acf":[],"_links":{"self":[{"href":"https:\/\/mitjavilaslowshop.com\/es\/wp-json\/wp\/v2\/product\/71568","targetHints":{"allow":["GET"]}}],"collection":[{"href":"https:\/\/mitjavilaslowshop.com\/es\/wp-json\/wp\/v2\/product"}],"about":[{"href":"https:\/\/mitjavilaslowshop.com\/es\/wp-json\/wp\/v2\/types\/product"}],"replies":[{"embeddable":true,"href":"https:\/\/mitjavilaslowshop.com\/es\/wp-json\/wp\/v2\/comments?post=71568"}],"version-history":[{"count":4,"href":"https:\/\/mitjavilaslowshop.com\/es\/wp-json\/wp\/v2\/product\/71568\/revisions"}],"predecessor-version":[{"id":79017,"href":"https:\/\/mitjavilaslowshop.com\/es\/wp-json\/wp\/v2\/product\/71568\/revisions\/79017"}],"wp:featuredmedia":[{"embeddable":true,"href":"https:\/\/mitjavilaslowshop.com\/es\/wp-json\/wp\/v2\/media\/71569"}],"wp:attachment":[{"href":"https:\/\/mitjavilaslowshop.com\/es\/wp-json\/wp\/v2\/media?parent=71568"}],"wp:term":[{"taxonomy":"product_brand","embeddable":true,"href":"https:\/\/mitjavilaslowshop.com\/es\/wp-json\/wp\/v2\/product_brand?post=71568"},{"taxonomy":"product_cat","embeddable":true,"href":"https:\/\/mitjavilaslowshop.com\/es\/wp-json\/wp\/v2\/product_cat?post=71568"},{"taxonomy":"product_tag","embeddable":true,"href":"https:\/\/mitjavilaslowshop.com\/es\/wp-json\/wp\/v2\/product_tag?post=71568"}],"curies":[{"name":"wp","href":"https:\/\/api.w.org\/{rel}","templated":true}]}}