{"id":71552,"date":"2026-01-04T18:25:42","date_gmt":"2026-01-04T18:25:42","guid":{"rendered":"https:\/\/mitjavilaslowshop.com\/producte\/melmelada-de-castanya-i-gerds-eco\/"},"modified":"2026-03-17T13:48:31","modified_gmt":"2026-03-17T13:48:31","slug":"mermelada-ecologica-de-castaa-y-frambuesa","status":"publish","type":"product","link":"https:\/\/mitjavilaslowshop.com\/es\/producte\/mermelada-ecologica-de-castaa-y-frambuesa\/","title":{"rendered":"MERMELADA ECOL\u00d3GICA DE CASTA\u00d1A Y FRAMBUESA"},"content":{"rendered":"<p>Descubre la combinaci\u00f3n ideal entre la dulzura natural de la casta\u00f1a y el sabor \u00e1cido de las frambuesas en esta mermelada ecol\u00f3gica extra BIO de casta\u00f1a y frambuesa. Elaborada con ingredientes 100% ecol\u00f3gicos y sin aditivos, es perfecta para desayunos nutritivos, postres o para dar un toque gourmet a tus recetas.<br \/> Origen: Viladrau<br \/> Ingredientes ecol\u00f3gicos: casta\u00f1a tostada, frambuesas, az\u00facar y lim\u00f3n.<\/p>\n","protected":false},"excerpt":{"rendered":"<p>Descubre la combinaci\u00f3n ideal entre la dulzura natural de la casta\u00f1a y el sabor \u00e1cido de las frambuesas en esta mermelada ecol\u00f3gica extra BIO de casta\u00f1a y frambuesa. Elaborada con ingredientes 100% ecol\u00f3gicos y sin aditivos, es perfecta para desayunos nutritivos, postres o para dar un toque gourmet a tus recetas. Origen: Viladrau Ingredientes ecol\u00f3gicos: casta\u00f1a tostada, frambuesas, az\u00facar y lim\u00f3n.<\/p>\n","protected":false},"featured_media":71553,"comment_status":"open","ping_status":"closed","template":"","meta":{"_acf_changed":false,"_joinchat":[]},"product_brand":[],"product_cat":[297],"product_tag":[],"class_list":{"0":"post-71552","1":"product","2":"type-product","3":"status-publish","4":"has-post-thumbnail","6":"product_cat-mermeladas","8":"first","9":"instock","10":"taxable","11":"shipping-taxable","12":"purchasable","13":"product-type-simple"},"acf":[],"_links":{"self":[{"href":"https:\/\/mitjavilaslowshop.com\/es\/wp-json\/wp\/v2\/product\/71552","targetHints":{"allow":["GET"]}}],"collection":[{"href":"https:\/\/mitjavilaslowshop.com\/es\/wp-json\/wp\/v2\/product"}],"about":[{"href":"https:\/\/mitjavilaslowshop.com\/es\/wp-json\/wp\/v2\/types\/product"}],"replies":[{"embeddable":true,"href":"https:\/\/mitjavilaslowshop.com\/es\/wp-json\/wp\/v2\/comments?post=71552"}],"version-history":[{"count":4,"href":"https:\/\/mitjavilaslowshop.com\/es\/wp-json\/wp\/v2\/product\/71552\/revisions"}],"predecessor-version":[{"id":79013,"href":"https:\/\/mitjavilaslowshop.com\/es\/wp-json\/wp\/v2\/product\/71552\/revisions\/79013"}],"wp:featuredmedia":[{"embeddable":true,"href":"https:\/\/mitjavilaslowshop.com\/es\/wp-json\/wp\/v2\/media\/71553"}],"wp:attachment":[{"href":"https:\/\/mitjavilaslowshop.com\/es\/wp-json\/wp\/v2\/media?parent=71552"}],"wp:term":[{"taxonomy":"product_brand","embeddable":true,"href":"https:\/\/mitjavilaslowshop.com\/es\/wp-json\/wp\/v2\/product_brand?post=71552"},{"taxonomy":"product_cat","embeddable":true,"href":"https:\/\/mitjavilaslowshop.com\/es\/wp-json\/wp\/v2\/product_cat?post=71552"},{"taxonomy":"product_tag","embeddable":true,"href":"https:\/\/mitjavilaslowshop.com\/es\/wp-json\/wp\/v2\/product_tag?post=71552"}],"curies":[{"name":"wp","href":"https:\/\/api.w.org\/{rel}","templated":true}]}}