{"id":71548,"date":"2026-01-04T18:25:42","date_gmt":"2026-01-04T18:25:42","guid":{"rendered":"https:\/\/mitjavilaslowshop.com\/producte\/melmelada-de-castanya-eco\/"},"modified":"2026-03-17T13:48:31","modified_gmt":"2026-03-17T13:48:31","slug":"mermelada-ecologica-de-castaa","status":"publish","type":"product","link":"https:\/\/mitjavilaslowshop.com\/es\/producte\/mermelada-ecologica-de-castaa\/","title":{"rendered":"MERMELADA ECOL\u00d3GICA DE CASTA\u00d1A"},"content":{"rendered":"<p>La mermelada ecol\u00f3gica extra de casta\u00f1a BIO est\u00e1 elaborada con casta\u00f1as procedentes de cultivo ecol\u00f3gico, sin aditivos artificiales. Esta receta tradicional mantiene todas las propiedades naturales del fruto, ideal para desayunos, postres o para dar un toque gourmet a tus recetas.<br \/> Ingredientes ecol\u00f3gicos: casta\u00f1a, agua, az\u00facar y lim\u00f3n<br \/> Origen: Viladrau<\/p>\n","protected":false},"excerpt":{"rendered":"<p>La mermelada ecol\u00f3gica extra de casta\u00f1a BIO est\u00e1 elaborada con casta\u00f1as procedentes de cultivo ecol\u00f3gico, sin aditivos artificiales. Esta receta tradicional mantiene todas las propiedades naturales del fruto, ideal para desayunos, postres o para dar un toque gourmet a tus recetas. Ingredientes ecol\u00f3gicos: casta\u00f1a, agua, az\u00facar y lim\u00f3n Origen: Viladrau<\/p>\n","protected":false},"featured_media":71549,"comment_status":"open","ping_status":"closed","template":"","meta":{"_acf_changed":false,"_joinchat":[]},"product_brand":[],"product_cat":[297],"product_tag":[],"class_list":{"0":"post-71548","1":"product","2":"type-product","3":"status-publish","4":"has-post-thumbnail","6":"product_cat-mermeladas","8":"first","9":"instock","10":"taxable","11":"shipping-taxable","12":"purchasable","13":"product-type-simple"},"acf":[],"_links":{"self":[{"href":"https:\/\/mitjavilaslowshop.com\/es\/wp-json\/wp\/v2\/product\/71548","targetHints":{"allow":["GET"]}}],"collection":[{"href":"https:\/\/mitjavilaslowshop.com\/es\/wp-json\/wp\/v2\/product"}],"about":[{"href":"https:\/\/mitjavilaslowshop.com\/es\/wp-json\/wp\/v2\/types\/product"}],"replies":[{"embeddable":true,"href":"https:\/\/mitjavilaslowshop.com\/es\/wp-json\/wp\/v2\/comments?post=71548"}],"version-history":[{"count":4,"href":"https:\/\/mitjavilaslowshop.com\/es\/wp-json\/wp\/v2\/product\/71548\/revisions"}],"predecessor-version":[{"id":79012,"href":"https:\/\/mitjavilaslowshop.com\/es\/wp-json\/wp\/v2\/product\/71548\/revisions\/79012"}],"wp:featuredmedia":[{"embeddable":true,"href":"https:\/\/mitjavilaslowshop.com\/es\/wp-json\/wp\/v2\/media\/71549"}],"wp:attachment":[{"href":"https:\/\/mitjavilaslowshop.com\/es\/wp-json\/wp\/v2\/media?parent=71548"}],"wp:term":[{"taxonomy":"product_brand","embeddable":true,"href":"https:\/\/mitjavilaslowshop.com\/es\/wp-json\/wp\/v2\/product_brand?post=71548"},{"taxonomy":"product_cat","embeddable":true,"href":"https:\/\/mitjavilaslowshop.com\/es\/wp-json\/wp\/v2\/product_cat?post=71548"},{"taxonomy":"product_tag","embeddable":true,"href":"https:\/\/mitjavilaslowshop.com\/es\/wp-json\/wp\/v2\/product_tag?post=71548"}],"curies":[{"name":"wp","href":"https:\/\/api.w.org\/{rel}","templated":true}]}}