{"id":71529,"date":"2026-01-04T18:25:44","date_gmt":"2026-01-04T18:25:44","guid":{"rendered":"https:\/\/mitjavilaslowshop.com\/producte\/cabas-espart-amb-nanses-2-tires\/"},"modified":"2026-03-17T13:48:36","modified_gmt":"2026-03-17T13:48:36","slug":"bolsa-de-esparto-con-asas","status":"publish","type":"product","link":"https:\/\/mitjavilaslowshop.com\/es\/producte\/bolsa-de-esparto-con-asas\/","title":{"rendered":"Bolsa de esparto con asas"},"content":{"rendered":"<p>El <strong>capazo artesanal de palma<\/strong> de <strong>Mitjavila Slow Shop<\/strong> es el complemento ideal para un estilo de vida sostenible. Fabricado a mano con <strong>fibras naturales de palma<\/strong>, une <strong>tradici\u00f3n, funcionalidad y un toque mediterr\u00e1neo<\/strong>.<\/p>\n<p>Disponible en dos tama\u00f1os:<\/p>\n<ul>\n<li>\n<p><strong>Capazo con 2 tiras:<\/strong> 30 cm de di\u00e1metro y 14 cm de altura<\/p>\n<\/li>\n<li>\n<p><strong>Capazo con 3 tiras:<\/strong> 33 cm de di\u00e1metro y 16 cm de altura<\/p>\n<\/li>\n<\/ul>\n<p>Perfecto para el <strong>mercado, la playa o como elemento decorativo<\/strong> en el hogar, este capazo es <strong>ligero, resistente y 100% biodegradable<\/strong>. Su dise\u00f1o cl\u00e1sico y las tiras trenzadas le confieren un encanto natural y aut\u00e9ntico.<\/p>\n<p>Cada unidad es \u00fanica, elaborada artesanalmente, por lo que puede presentar peque\u00f1as variaciones propias del trabajo manual.<\/p>\n<p><strong>\u27a1 Descubre los capazos de palma de Mitjavila Slow Shop y a\u00f1ade un toque natural, sostenible y slow a tu rutina diaria.<\/strong><\/p>\n","protected":false},"excerpt":{"rendered":"<p>El capazo artesanal de palma de Mitjavila Slow Shop es el complemento ideal para un estilo de vida sostenible. Fabricado a mano con fibras naturales de palma, une tradici\u00f3n, funcionalidad y un toque mediterr\u00e1neo. Disponible en dos tama\u00f1os: Capazo con 2 tiras: 30 cm de di\u00e1metro y 14 cm de altura Capazo con 3 tiras: 33 cm de di\u00e1metro y 16 cm de altura Perfecto para el mercado, la playa o como elemento decorativo en el hogar, este capazo es ligero, resistente y 100% biodegradable. Su dise\u00f1o cl\u00e1sico y las tiras trenzadas le confieren un encanto natural y aut\u00e9ntico. Cada unidad es \u00fanica, elaborada artesanalmente, por lo que puede presentar peque\u00f1as variaciones propias del trabajo manual. \u27a1 Descubre los capazos de palma de Mitjavila Slow Shop y a\u00f1ade un toque natural, sostenible y slow a tu rutina diaria.<\/p>\n","protected":false},"featured_media":71531,"comment_status":"open","ping_status":"closed","template":"","meta":{"_acf_changed":false,"_joinchat":[]},"product_brand":[],"product_cat":[285],"product_tag":[],"class_list":{"0":"post-71529","1":"product","2":"type-product","3":"status-publish","4":"has-post-thumbnail","6":"product_cat-bolsas-y-paqueteria","8":"first","9":"instock","10":"taxable","11":"shipping-taxable","12":"purchasable","13":"product-type-variable","14":"has-default-attributes"},"acf":[],"_links":{"self":[{"href":"https:\/\/mitjavilaslowshop.com\/es\/wp-json\/wp\/v2\/product\/71529","targetHints":{"allow":["GET"]}}],"collection":[{"href":"https:\/\/mitjavilaslowshop.com\/es\/wp-json\/wp\/v2\/product"}],"about":[{"href":"https:\/\/mitjavilaslowshop.com\/es\/wp-json\/wp\/v2\/types\/product"}],"replies":[{"embeddable":true,"href":"https:\/\/mitjavilaslowshop.com\/es\/wp-json\/wp\/v2\/comments?post=71529"}],"version-history":[{"count":4,"href":"https:\/\/mitjavilaslowshop.com\/es\/wp-json\/wp\/v2\/product\/71529\/revisions"}],"predecessor-version":[{"id":79009,"href":"https:\/\/mitjavilaslowshop.com\/es\/wp-json\/wp\/v2\/product\/71529\/revisions\/79009"}],"wp:featuredmedia":[{"embeddable":true,"href":"https:\/\/mitjavilaslowshop.com\/es\/wp-json\/wp\/v2\/media\/71531"}],"wp:attachment":[{"href":"https:\/\/mitjavilaslowshop.com\/es\/wp-json\/wp\/v2\/media?parent=71529"}],"wp:term":[{"taxonomy":"product_brand","embeddable":true,"href":"https:\/\/mitjavilaslowshop.com\/es\/wp-json\/wp\/v2\/product_brand?post=71529"},{"taxonomy":"product_cat","embeddable":true,"href":"https:\/\/mitjavilaslowshop.com\/es\/wp-json\/wp\/v2\/product_cat?post=71529"},{"taxonomy":"product_tag","embeddable":true,"href":"https:\/\/mitjavilaslowshop.com\/es\/wp-json\/wp\/v2\/product_tag?post=71529"}],"curies":[{"name":"wp","href":"https:\/\/api.w.org\/{rel}","templated":true}]}}