{"id":71498,"date":"2026-01-04T18:25:49","date_gmt":"2026-01-04T18:25:49","guid":{"rendered":"https:\/\/mitjavilaslowshop.com\/producte\/llauna-cafe-te\/"},"modified":"2026-03-17T13:48:25","modified_gmt":"2026-03-17T13:48:25","slug":"latas-de-cafe-y-te","status":"publish","type":"product","link":"https:\/\/mitjavilaslowshop.com\/es\/producte\/latas-de-cafe-y-te\/","title":{"rendered":"LATAS DE CAF\u00c9 Y T\u00c9"},"content":{"rendered":"<p>Lata redonda con tapa herm\u00e9tica para conservar 200 g de t\u00e9 o caf\u00e9. Di\u00e1metro 9,5 cm. Altura 13 cm.<\/p>\n","protected":false},"excerpt":{"rendered":"<p>Lata redonda con tapa herm\u00e9tica para conservar 200 g de t\u00e9 o caf\u00e9. Di\u00e1metro 9,5 cm. Altura 13 cm.<\/p>\n","protected":false},"featured_media":71499,"comment_status":"open","ping_status":"closed","template":"","meta":{"_acf_changed":false,"_joinchat":[]},"product_brand":[],"product_cat":[285],"product_tag":[],"class_list":{"0":"post-71498","1":"product","2":"type-product","3":"status-publish","4":"has-post-thumbnail","6":"product_cat-bolsas-y-paqueteria","8":"first","9":"instock","10":"taxable","11":"shipping-taxable","12":"purchasable","13":"product-type-simple"},"acf":[],"_links":{"self":[{"href":"https:\/\/mitjavilaslowshop.com\/es\/wp-json\/wp\/v2\/product\/71498","targetHints":{"allow":["GET"]}}],"collection":[{"href":"https:\/\/mitjavilaslowshop.com\/es\/wp-json\/wp\/v2\/product"}],"about":[{"href":"https:\/\/mitjavilaslowshop.com\/es\/wp-json\/wp\/v2\/types\/product"}],"replies":[{"embeddable":true,"href":"https:\/\/mitjavilaslowshop.com\/es\/wp-json\/wp\/v2\/comments?post=71498"}],"version-history":[{"count":4,"href":"https:\/\/mitjavilaslowshop.com\/es\/wp-json\/wp\/v2\/product\/71498\/revisions"}],"predecessor-version":[{"id":79005,"href":"https:\/\/mitjavilaslowshop.com\/es\/wp-json\/wp\/v2\/product\/71498\/revisions\/79005"}],"wp:featuredmedia":[{"embeddable":true,"href":"https:\/\/mitjavilaslowshop.com\/es\/wp-json\/wp\/v2\/media\/71499"}],"wp:attachment":[{"href":"https:\/\/mitjavilaslowshop.com\/es\/wp-json\/wp\/v2\/media?parent=71498"}],"wp:term":[{"taxonomy":"product_brand","embeddable":true,"href":"https:\/\/mitjavilaslowshop.com\/es\/wp-json\/wp\/v2\/product_brand?post=71498"},{"taxonomy":"product_cat","embeddable":true,"href":"https:\/\/mitjavilaslowshop.com\/es\/wp-json\/wp\/v2\/product_cat?post=71498"},{"taxonomy":"product_tag","embeddable":true,"href":"https:\/\/mitjavilaslowshop.com\/es\/wp-json\/wp\/v2\/product_tag?post=71498"}],"curies":[{"name":"wp","href":"https:\/\/api.w.org\/{rel}","templated":true}]}}