{"id":71482,"date":"2026-01-04T18:25:51","date_gmt":"2026-01-04T18:25:51","guid":{"rendered":"https:\/\/mitjavilaslowshop.com\/producte\/hummus-clasic\/"},"modified":"2026-03-17T13:48:23","modified_gmt":"2026-03-17T13:48:23","slug":"hummus-clasico","status":"publish","type":"product","link":"https:\/\/mitjavilaslowshop.com\/es\/producte\/hummus-clasico\/","title":{"rendered":"HUMMUS CL\u00c1SICO"},"content":{"rendered":"<p>Hummus Cl\u00e1sico Sembrao, preparado con garbanzos ecol\u00f3gicos y ingredientes naturales, ofrece una receta tradicional sin conservantes. Perfecto para untar en pan integral, acompa\u00f1ar verduras frescas o como base para bowls y ensaladas. Una opci\u00f3n saludable y sabrosa para cualquier ocasi\u00f3n.<\/p>\n<p>220 g<br \/>Origen: Castilla y Le\u00f3n<\/p>\n","protected":false},"excerpt":{"rendered":"<p>Hummus Cl\u00e1sico Sembrao, preparado con garbanzos ecol\u00f3gicos y ingredientes naturales, ofrece una receta tradicional sin conservantes. Perfecto para untar en pan integral, acompa\u00f1ar verduras frescas o como base para bowls y ensaladas. Una opci\u00f3n saludable y sabrosa para cualquier ocasi\u00f3n. 220 gOrigen: Castilla y Le\u00f3n<\/p>\n","protected":false},"featured_media":71483,"comment_status":"open","ping_status":"closed","template":"","meta":{"_acf_changed":false,"_joinchat":[]},"product_brand":[],"product_cat":[283],"product_tag":[],"class_list":{"0":"post-71482","1":"product","2":"type-product","3":"status-publish","4":"has-post-thumbnail","6":"product_cat-salsas-y-cremas","8":"first","9":"instock","10":"featured","11":"taxable","12":"shipping-taxable","13":"purchasable","14":"product-type-simple"},"acf":[],"_links":{"self":[{"href":"https:\/\/mitjavilaslowshop.com\/es\/wp-json\/wp\/v2\/product\/71482","targetHints":{"allow":["GET"]}}],"collection":[{"href":"https:\/\/mitjavilaslowshop.com\/es\/wp-json\/wp\/v2\/product"}],"about":[{"href":"https:\/\/mitjavilaslowshop.com\/es\/wp-json\/wp\/v2\/types\/product"}],"replies":[{"embeddable":true,"href":"https:\/\/mitjavilaslowshop.com\/es\/wp-json\/wp\/v2\/comments?post=71482"}],"version-history":[{"count":4,"href":"https:\/\/mitjavilaslowshop.com\/es\/wp-json\/wp\/v2\/product\/71482\/revisions"}],"predecessor-version":[{"id":79002,"href":"https:\/\/mitjavilaslowshop.com\/es\/wp-json\/wp\/v2\/product\/71482\/revisions\/79002"}],"wp:featuredmedia":[{"embeddable":true,"href":"https:\/\/mitjavilaslowshop.com\/es\/wp-json\/wp\/v2\/media\/71483"}],"wp:attachment":[{"href":"https:\/\/mitjavilaslowshop.com\/es\/wp-json\/wp\/v2\/media?parent=71482"}],"wp:term":[{"taxonomy":"product_brand","embeddable":true,"href":"https:\/\/mitjavilaslowshop.com\/es\/wp-json\/wp\/v2\/product_brand?post=71482"},{"taxonomy":"product_cat","embeddable":true,"href":"https:\/\/mitjavilaslowshop.com\/es\/wp-json\/wp\/v2\/product_cat?post=71482"},{"taxonomy":"product_tag","embeddable":true,"href":"https:\/\/mitjavilaslowshop.com\/es\/wp-json\/wp\/v2\/product_tag?post=71482"}],"curies":[{"name":"wp","href":"https:\/\/api.w.org\/{rel}","templated":true}]}}