{"id":71474,"date":"2026-01-04T18:25:52","date_gmt":"2026-01-04T18:25:52","guid":{"rendered":"https:\/\/mitjavilaslowshop.com\/producte\/salsa-putanesca-eco\/"},"modified":"2026-03-17T13:48:23","modified_gmt":"2026-03-17T13:48:23","slug":"salsa-putanesca-ecologica","status":"publish","type":"product","link":"https:\/\/mitjavilaslowshop.com\/es\/producte\/salsa-putanesca-ecologica\/","title":{"rendered":"SALSA PUTANESCA ECOL\u00d3GICA"},"content":{"rendered":"<p>La Salsa Putanesca Eco es una receta tradicional italiana preparada con tomate ecol\u00f3gico, aceitunas, alcaparras y especias naturales. Ideal para dar un sabor aut\u00e9ntico y profundo a tus platos de pasta.<br \/> Perfecta para acompa\u00f1ar pasta fresca, arroces, carnes blancas o como base para recetas innovadoras. Solo calienta y disfruta de una experiencia culinaria saludable.<br \/> 220 g<br \/> Origen: Italia<\/p>\n","protected":false},"excerpt":{"rendered":"<p>La Salsa Putanesca Eco es una receta tradicional italiana preparada con tomate ecol\u00f3gico, aceitunas, alcaparras y especias naturales. Ideal para dar un sabor aut\u00e9ntico y profundo a tus platos de pasta. Perfecta para acompa\u00f1ar pasta fresca, arroces, carnes blancas o como base para recetas innovadoras. Solo calienta y disfruta de una experiencia culinaria saludable. 220 g Origen: Italia<\/p>\n","protected":false},"featured_media":71475,"comment_status":"open","ping_status":"closed","template":"","meta":{"_acf_changed":false,"_joinchat":[]},"product_brand":[],"product_cat":[283],"product_tag":[],"class_list":{"0":"post-71474","1":"product","2":"type-product","3":"status-publish","4":"has-post-thumbnail","6":"product_cat-salsas-y-cremas","8":"first","9":"instock","10":"taxable","11":"shipping-taxable","12":"purchasable","13":"product-type-simple"},"acf":[],"_links":{"self":[{"href":"https:\/\/mitjavilaslowshop.com\/es\/wp-json\/wp\/v2\/product\/71474","targetHints":{"allow":["GET"]}}],"collection":[{"href":"https:\/\/mitjavilaslowshop.com\/es\/wp-json\/wp\/v2\/product"}],"about":[{"href":"https:\/\/mitjavilaslowshop.com\/es\/wp-json\/wp\/v2\/types\/product"}],"replies":[{"embeddable":true,"href":"https:\/\/mitjavilaslowshop.com\/es\/wp-json\/wp\/v2\/comments?post=71474"}],"version-history":[{"count":4,"href":"https:\/\/mitjavilaslowshop.com\/es\/wp-json\/wp\/v2\/product\/71474\/revisions"}],"predecessor-version":[{"id":79000,"href":"https:\/\/mitjavilaslowshop.com\/es\/wp-json\/wp\/v2\/product\/71474\/revisions\/79000"}],"wp:featuredmedia":[{"embeddable":true,"href":"https:\/\/mitjavilaslowshop.com\/es\/wp-json\/wp\/v2\/media\/71475"}],"wp:attachment":[{"href":"https:\/\/mitjavilaslowshop.com\/es\/wp-json\/wp\/v2\/media?parent=71474"}],"wp:term":[{"taxonomy":"product_brand","embeddable":true,"href":"https:\/\/mitjavilaslowshop.com\/es\/wp-json\/wp\/v2\/product_brand?post=71474"},{"taxonomy":"product_cat","embeddable":true,"href":"https:\/\/mitjavilaslowshop.com\/es\/wp-json\/wp\/v2\/product_cat?post=71474"},{"taxonomy":"product_tag","embeddable":true,"href":"https:\/\/mitjavilaslowshop.com\/es\/wp-json\/wp\/v2\/product_tag?post=71474"}],"curies":[{"name":"wp","href":"https:\/\/api.w.org\/{rel}","templated":true}]}}