{"id":71470,"date":"2026-01-04T18:25:52","date_gmt":"2026-01-04T18:25:52","guid":{"rendered":"https:\/\/mitjavilaslowshop.com\/producte\/crema-cacauet\/"},"modified":"2026-03-17T13:48:23","modified_gmt":"2026-03-17T13:48:23","slug":"crema-de-cacahuete","status":"publish","type":"product","link":"https:\/\/mitjavilaslowshop.com\/es\/producte\/crema-de-cacahuete\/","title":{"rendered":"CREMA DE CACAHUETE"},"content":{"rendered":"<p>La crema de cacahuete ecol\u00f3gico est\u00e1 hecha \u00fanicamente con cacahuetes org\u00e1nicos, sin aditivos ni ingredientes artificiales. Es una opci\u00f3n saludable, rica en prote\u00ednas y grasas beneficiosas, ideal para un desayuno energ\u00e9tico o para realzar tus recetas.<br \/> 330 g<\/p>\n","protected":false},"excerpt":{"rendered":"<p>La crema de cacahuete ecol\u00f3gico est\u00e1 hecha \u00fanicamente con cacahuetes org\u00e1nicos, sin aditivos ni ingredientes artificiales. Es una opci\u00f3n saludable, rica en prote\u00ednas y grasas beneficiosas, ideal para un desayuno energ\u00e9tico o para realzar tus recetas. 330 g<\/p>\n","protected":false},"featured_media":71471,"comment_status":"open","ping_status":"closed","template":"","meta":{"_acf_changed":false,"_joinchat":[]},"product_brand":[],"product_cat":[283],"product_tag":[],"class_list":{"0":"post-71470","1":"product","2":"type-product","3":"status-publish","4":"has-post-thumbnail","6":"product_cat-salsas-y-cremas","8":"first","9":"instock","10":"taxable","11":"shipping-taxable","12":"purchasable","13":"product-type-simple"},"acf":[],"_links":{"self":[{"href":"https:\/\/mitjavilaslowshop.com\/es\/wp-json\/wp\/v2\/product\/71470","targetHints":{"allow":["GET"]}}],"collection":[{"href":"https:\/\/mitjavilaslowshop.com\/es\/wp-json\/wp\/v2\/product"}],"about":[{"href":"https:\/\/mitjavilaslowshop.com\/es\/wp-json\/wp\/v2\/types\/product"}],"replies":[{"embeddable":true,"href":"https:\/\/mitjavilaslowshop.com\/es\/wp-json\/wp\/v2\/comments?post=71470"}],"version-history":[{"count":4,"href":"https:\/\/mitjavilaslowshop.com\/es\/wp-json\/wp\/v2\/product\/71470\/revisions"}],"predecessor-version":[{"id":78999,"href":"https:\/\/mitjavilaslowshop.com\/es\/wp-json\/wp\/v2\/product\/71470\/revisions\/78999"}],"wp:featuredmedia":[{"embeddable":true,"href":"https:\/\/mitjavilaslowshop.com\/es\/wp-json\/wp\/v2\/media\/71471"}],"wp:attachment":[{"href":"https:\/\/mitjavilaslowshop.com\/es\/wp-json\/wp\/v2\/media?parent=71470"}],"wp:term":[{"taxonomy":"product_brand","embeddable":true,"href":"https:\/\/mitjavilaslowshop.com\/es\/wp-json\/wp\/v2\/product_brand?post=71470"},{"taxonomy":"product_cat","embeddable":true,"href":"https:\/\/mitjavilaslowshop.com\/es\/wp-json\/wp\/v2\/product_cat?post=71470"},{"taxonomy":"product_tag","embeddable":true,"href":"https:\/\/mitjavilaslowshop.com\/es\/wp-json\/wp\/v2\/product_tag?post=71470"}],"curies":[{"name":"wp","href":"https:\/\/api.w.org\/{rel}","templated":true}]}}