{"id":71466,"date":"2026-01-04T18:25:53","date_gmt":"2026-01-04T18:25:53","guid":{"rendered":"https:\/\/mitjavilaslowshop.com\/producte\/hummus-choco-sense-sucre\/"},"modified":"2026-03-17T13:48:23","modified_gmt":"2026-03-17T13:48:23","slug":"hummus-de-chocolate-sin-azucar","status":"publish","type":"product","link":"https:\/\/mitjavilaslowshop.com\/es\/producte\/hummus-de-chocolate-sin-azucar\/","title":{"rendered":"HUMMUS DE CHOCOLATE SIN AZ\u00daCAR"},"content":{"rendered":"<p>El hummus ecol\u00f3gico de garbanzos con cacao, d\u00e1tiles y avellanas es una opci\u00f3n saludable frente a las cremas de cacao convencionales, ideal para quienes disfrutan del sabor dulce y buscan cuidarse.<br \/> Perfecto para untar en pan integral, combinar con fruta fresca o utilizar en recetas de postres saludables. Su textura cremosa y sabor intenso a cacao aportan un toque \u00fanico.<br \/> 220 g<\/p>\n","protected":false},"excerpt":{"rendered":"<p>El hummus ecol\u00f3gico de garbanzos con cacao, d\u00e1tiles y avellanas es una opci\u00f3n saludable frente a las cremas de cacao convencionales, ideal para quienes disfrutan del sabor dulce y buscan cuidarse. Perfecto para untar en pan integral, combinar con fruta fresca o utilizar en recetas de postres saludables. Su textura cremosa y sabor intenso a cacao aportan un toque \u00fanico. 220 g<\/p>\n","protected":false},"featured_media":71467,"comment_status":"open","ping_status":"closed","template":"","meta":{"_acf_changed":false,"_joinchat":[]},"product_brand":[],"product_cat":[283],"product_tag":[],"class_list":{"0":"post-71466","1":"product","2":"type-product","3":"status-publish","4":"has-post-thumbnail","6":"product_cat-salsas-y-cremas","8":"first","9":"instock","10":"taxable","11":"shipping-taxable","12":"purchasable","13":"product-type-simple"},"acf":[],"_links":{"self":[{"href":"https:\/\/mitjavilaslowshop.com\/es\/wp-json\/wp\/v2\/product\/71466","targetHints":{"allow":["GET"]}}],"collection":[{"href":"https:\/\/mitjavilaslowshop.com\/es\/wp-json\/wp\/v2\/product"}],"about":[{"href":"https:\/\/mitjavilaslowshop.com\/es\/wp-json\/wp\/v2\/types\/product"}],"replies":[{"embeddable":true,"href":"https:\/\/mitjavilaslowshop.com\/es\/wp-json\/wp\/v2\/comments?post=71466"}],"version-history":[{"count":4,"href":"https:\/\/mitjavilaslowshop.com\/es\/wp-json\/wp\/v2\/product\/71466\/revisions"}],"predecessor-version":[{"id":78998,"href":"https:\/\/mitjavilaslowshop.com\/es\/wp-json\/wp\/v2\/product\/71466\/revisions\/78998"}],"wp:featuredmedia":[{"embeddable":true,"href":"https:\/\/mitjavilaslowshop.com\/es\/wp-json\/wp\/v2\/media\/71467"}],"wp:attachment":[{"href":"https:\/\/mitjavilaslowshop.com\/es\/wp-json\/wp\/v2\/media?parent=71466"}],"wp:term":[{"taxonomy":"product_brand","embeddable":true,"href":"https:\/\/mitjavilaslowshop.com\/es\/wp-json\/wp\/v2\/product_brand?post=71466"},{"taxonomy":"product_cat","embeddable":true,"href":"https:\/\/mitjavilaslowshop.com\/es\/wp-json\/wp\/v2\/product_cat?post=71466"},{"taxonomy":"product_tag","embeddable":true,"href":"https:\/\/mitjavilaslowshop.com\/es\/wp-json\/wp\/v2\/product_tag?post=71466"}],"curies":[{"name":"wp","href":"https:\/\/api.w.org\/{rel}","templated":true}]}}