{"id":71462,"date":"2026-01-04T18:25:53","date_gmt":"2026-01-04T18:25:53","guid":{"rendered":"https:\/\/mitjavilaslowshop.com\/producte\/hummus-qiyuan\/"},"modified":"2026-03-17T13:48:23","modified_gmt":"2026-03-17T13:48:23","slug":"hummus-qiyuan","status":"publish","type":"product","link":"https:\/\/mitjavilaslowshop.com\/es\/producte\/hummus-qiyuan\/","title":{"rendered":"HUMMUS QIYUAN"},"content":{"rendered":"<p>Hummus ecol\u00f3gico de garbanzos con berenjenas y 5 especias chinas (pimienta de Sichuan, an\u00eds estrellado, clavo, hinojo y canela) son los protagonistas de este hummus. Ideal para untar con pan de pita, acompa\u00f1ar crudit\u00e9s o como base para bowls y platos creativos. Perfecto para aperitivos saludables o para dar un toque ex\u00f3tico a tus comidas.<br \/>220 g<br \/>Origen: Castilla y Le\u00f3n<\/p>\n","protected":false},"excerpt":{"rendered":"<p>Hummus ecol\u00f3gico de garbanzos con berenjenas y 5 especias chinas (pimienta de Sichuan, an\u00eds estrellado, clavo, hinojo y canela) son los protagonistas de este hummus. Ideal para untar con pan de pita, acompa\u00f1ar crudit\u00e9s o como base para bowls y platos creativos. Perfecto para aperitivos saludables o para dar un toque ex\u00f3tico a tus comidas.220 gOrigen: Castilla y Le\u00f3n<\/p>\n","protected":false},"featured_media":71463,"comment_status":"open","ping_status":"closed","template":"","meta":{"_acf_changed":false,"_joinchat":[]},"product_brand":[],"product_cat":[283],"product_tag":[],"class_list":{"0":"post-71462","1":"product","2":"type-product","3":"status-publish","4":"has-post-thumbnail","6":"product_cat-salsas-y-cremas","8":"first","9":"instock","10":"taxable","11":"shipping-taxable","12":"purchasable","13":"product-type-simple"},"acf":[],"_links":{"self":[{"href":"https:\/\/mitjavilaslowshop.com\/es\/wp-json\/wp\/v2\/product\/71462","targetHints":{"allow":["GET"]}}],"collection":[{"href":"https:\/\/mitjavilaslowshop.com\/es\/wp-json\/wp\/v2\/product"}],"about":[{"href":"https:\/\/mitjavilaslowshop.com\/es\/wp-json\/wp\/v2\/types\/product"}],"replies":[{"embeddable":true,"href":"https:\/\/mitjavilaslowshop.com\/es\/wp-json\/wp\/v2\/comments?post=71462"}],"version-history":[{"count":4,"href":"https:\/\/mitjavilaslowshop.com\/es\/wp-json\/wp\/v2\/product\/71462\/revisions"}],"predecessor-version":[{"id":78997,"href":"https:\/\/mitjavilaslowshop.com\/es\/wp-json\/wp\/v2\/product\/71462\/revisions\/78997"}],"wp:featuredmedia":[{"embeddable":true,"href":"https:\/\/mitjavilaslowshop.com\/es\/wp-json\/wp\/v2\/media\/71463"}],"wp:attachment":[{"href":"https:\/\/mitjavilaslowshop.com\/es\/wp-json\/wp\/v2\/media?parent=71462"}],"wp:term":[{"taxonomy":"product_brand","embeddable":true,"href":"https:\/\/mitjavilaslowshop.com\/es\/wp-json\/wp\/v2\/product_brand?post=71462"},{"taxonomy":"product_cat","embeddable":true,"href":"https:\/\/mitjavilaslowshop.com\/es\/wp-json\/wp\/v2\/product_cat?post=71462"},{"taxonomy":"product_tag","embeddable":true,"href":"https:\/\/mitjavilaslowshop.com\/es\/wp-json\/wp\/v2\/product_tag?post=71462"}],"curies":[{"name":"wp","href":"https:\/\/api.w.org\/{rel}","templated":true}]}}