{"id":71458,"date":"2026-01-04T18:25:54","date_gmt":"2026-01-04T18:25:54","guid":{"rendered":"https:\/\/mitjavilaslowshop.com\/producte\/hummus-mariachi\/"},"modified":"2026-03-17T13:48:21","modified_gmt":"2026-03-17T13:48:21","slug":"hummus-mariachi","status":"publish","type":"product","link":"https:\/\/mitjavilaslowshop.com\/es\/producte\/hummus-mariachi\/","title":{"rendered":"HUMMUS MARIACHI"},"content":{"rendered":"<p>El Hummus Mariachi est\u00e1 preparado con garbanzos ecol\u00f3gicos, pimientos asados y una mezcla de especias caj\u00fan que despiertan tus sentidos. Su sabor picante, potenciado con aj\u00ed argentino y aromas ex\u00f3ticos, ofrece una experiencia \u00fanica para quienes disfrutan de sabores intensos.<br \/>220 g<br \/>Origen: Castilla y Le\u00f3n<\/p>\n","protected":false},"excerpt":{"rendered":"<p>El Hummus Mariachi est\u00e1 preparado con garbanzos ecol\u00f3gicos, pimientos asados y una mezcla de especias caj\u00fan que despiertan tus sentidos. Su sabor picante, potenciado con aj\u00ed argentino y aromas ex\u00f3ticos, ofrece una experiencia \u00fanica para quienes disfrutan de sabores intensos.220 gOrigen: Castilla y Le\u00f3n<\/p>\n","protected":false},"featured_media":71459,"comment_status":"open","ping_status":"closed","template":"","meta":{"_acf_changed":false,"_joinchat":[]},"product_brand":[],"product_cat":[283],"product_tag":[],"class_list":{"0":"post-71458","1":"product","2":"type-product","3":"status-publish","4":"has-post-thumbnail","6":"product_cat-salsas-y-cremas","8":"first","9":"instock","10":"taxable","11":"shipping-taxable","12":"purchasable","13":"product-type-simple"},"acf":[],"_links":{"self":[{"href":"https:\/\/mitjavilaslowshop.com\/es\/wp-json\/wp\/v2\/product\/71458","targetHints":{"allow":["GET"]}}],"collection":[{"href":"https:\/\/mitjavilaslowshop.com\/es\/wp-json\/wp\/v2\/product"}],"about":[{"href":"https:\/\/mitjavilaslowshop.com\/es\/wp-json\/wp\/v2\/types\/product"}],"replies":[{"embeddable":true,"href":"https:\/\/mitjavilaslowshop.com\/es\/wp-json\/wp\/v2\/comments?post=71458"}],"version-history":[{"count":4,"href":"https:\/\/mitjavilaslowshop.com\/es\/wp-json\/wp\/v2\/product\/71458\/revisions"}],"predecessor-version":[{"id":78996,"href":"https:\/\/mitjavilaslowshop.com\/es\/wp-json\/wp\/v2\/product\/71458\/revisions\/78996"}],"wp:featuredmedia":[{"embeddable":true,"href":"https:\/\/mitjavilaslowshop.com\/es\/wp-json\/wp\/v2\/media\/71459"}],"wp:attachment":[{"href":"https:\/\/mitjavilaslowshop.com\/es\/wp-json\/wp\/v2\/media?parent=71458"}],"wp:term":[{"taxonomy":"product_brand","embeddable":true,"href":"https:\/\/mitjavilaslowshop.com\/es\/wp-json\/wp\/v2\/product_brand?post=71458"},{"taxonomy":"product_cat","embeddable":true,"href":"https:\/\/mitjavilaslowshop.com\/es\/wp-json\/wp\/v2\/product_cat?post=71458"},{"taxonomy":"product_tag","embeddable":true,"href":"https:\/\/mitjavilaslowshop.com\/es\/wp-json\/wp\/v2\/product_tag?post=71458"}],"curies":[{"name":"wp","href":"https:\/\/api.w.org\/{rel}","templated":true}]}}