{"id":71454,"date":"2026-01-04T18:25:54","date_gmt":"2026-01-04T18:25:54","guid":{"rendered":"https:\/\/mitjavilaslowshop.com\/producte\/hummus-mahal\/"},"modified":"2026-03-17T13:48:21","modified_gmt":"2026-03-17T13:48:21","slug":"hummus-mahal","status":"publish","type":"product","link":"https:\/\/mitjavilaslowshop.com\/es\/producte\/hummus-mahal\/","title":{"rendered":"HUMMUS MAHAL"},"content":{"rendered":"<p>El Hummus Mahal combina garbanzos ecol\u00f3gicos, calabaza asada y la tradicional mezcla de especias Ras el Hanout, caracter\u00edstica de la gastronom\u00eda marroqu\u00ed. La calabaza aporta una textura cremosa y un sabor dulce que se fusiona con las especias para ofrecer un perfil de sabor intenso, complejo y ex\u00f3tico.<br \/>220 g<br \/>Origen: Castilla y Le\u00f3n<\/p>\n","protected":false},"excerpt":{"rendered":"<p>El Hummus Mahal combina garbanzos ecol\u00f3gicos, calabaza asada y la tradicional mezcla de especias Ras el Hanout, caracter\u00edstica de la gastronom\u00eda marroqu\u00ed. La calabaza aporta una textura cremosa y un sabor dulce que se fusiona con las especias para ofrecer un perfil de sabor intenso, complejo y ex\u00f3tico.220 gOrigen: Castilla y Le\u00f3n<\/p>\n","protected":false},"featured_media":71455,"comment_status":"open","ping_status":"closed","template":"","meta":{"_acf_changed":false,"_joinchat":[]},"product_brand":[],"product_cat":[283],"product_tag":[],"class_list":{"0":"post-71454","1":"product","2":"type-product","3":"status-publish","4":"has-post-thumbnail","6":"product_cat-salsas-y-cremas","8":"first","9":"instock","10":"taxable","11":"shipping-taxable","12":"purchasable","13":"product-type-simple"},"acf":[],"_links":{"self":[{"href":"https:\/\/mitjavilaslowshop.com\/es\/wp-json\/wp\/v2\/product\/71454","targetHints":{"allow":["GET"]}}],"collection":[{"href":"https:\/\/mitjavilaslowshop.com\/es\/wp-json\/wp\/v2\/product"}],"about":[{"href":"https:\/\/mitjavilaslowshop.com\/es\/wp-json\/wp\/v2\/types\/product"}],"replies":[{"embeddable":true,"href":"https:\/\/mitjavilaslowshop.com\/es\/wp-json\/wp\/v2\/comments?post=71454"}],"version-history":[{"count":4,"href":"https:\/\/mitjavilaslowshop.com\/es\/wp-json\/wp\/v2\/product\/71454\/revisions"}],"predecessor-version":[{"id":78995,"href":"https:\/\/mitjavilaslowshop.com\/es\/wp-json\/wp\/v2\/product\/71454\/revisions\/78995"}],"wp:featuredmedia":[{"embeddable":true,"href":"https:\/\/mitjavilaslowshop.com\/es\/wp-json\/wp\/v2\/media\/71455"}],"wp:attachment":[{"href":"https:\/\/mitjavilaslowshop.com\/es\/wp-json\/wp\/v2\/media?parent=71454"}],"wp:term":[{"taxonomy":"product_brand","embeddable":true,"href":"https:\/\/mitjavilaslowshop.com\/es\/wp-json\/wp\/v2\/product_brand?post=71454"},{"taxonomy":"product_cat","embeddable":true,"href":"https:\/\/mitjavilaslowshop.com\/es\/wp-json\/wp\/v2\/product_cat?post=71454"},{"taxonomy":"product_tag","embeddable":true,"href":"https:\/\/mitjavilaslowshop.com\/es\/wp-json\/wp\/v2\/product_tag?post=71454"}],"curies":[{"name":"wp","href":"https:\/\/api.w.org\/{rel}","templated":true}]}}