{"id":71450,"date":"2026-01-04T18:25:55","date_gmt":"2026-01-04T18:25:55","guid":{"rendered":"https:\/\/mitjavilaslowshop.com\/producte\/basil-pesto\/"},"modified":"2026-03-17T13:48:21","modified_gmt":"2026-03-17T13:48:21","slug":"pesto-de-albahaca","status":"publish","type":"product","link":"https:\/\/mitjavilaslowshop.com\/es\/producte\/pesto-de-albahaca\/","title":{"rendered":"PESTO DE ALBAHACA"},"content":{"rendered":"<p>El pesto de albahaca se prepara con albahaca fresca org\u00e1nica, aceite de oliva virgen extra y frutos secos de alta calidad. Esta salsa tradicional italiana aporta un aroma y sabor intensos a tus platos, sin contener aditivos ni conservantes artificiales.<br \/> Perfecto para acompa\u00f1ar pasta fresca, ensaladas, tostadas o como base para recetas innovadoras. Solo abre, sirve y disfruta de un aut\u00e9ntico sabor mediterr\u00e1neo.<br \/> 190 g<br \/> Origen: Italia<\/p>\n","protected":false},"excerpt":{"rendered":"<p>El pesto de albahaca se prepara con albahaca fresca org\u00e1nica, aceite de oliva virgen extra y frutos secos de alta calidad. Esta salsa tradicional italiana aporta un aroma y sabor intensos a tus platos, sin contener aditivos ni conservantes artificiales. Perfecto para acompa\u00f1ar pasta fresca, ensaladas, tostadas o como base para recetas innovadoras. Solo abre, sirve y disfruta de un aut\u00e9ntico sabor mediterr\u00e1neo. 190 g Origen: Italia<\/p>\n","protected":false},"featured_media":71451,"comment_status":"open","ping_status":"closed","template":"","meta":{"_acf_changed":false,"_joinchat":[]},"product_brand":[],"product_cat":[283],"product_tag":[],"class_list":{"0":"post-71450","1":"product","2":"type-product","3":"status-publish","4":"has-post-thumbnail","6":"product_cat-salsas-y-cremas","8":"first","9":"instock","10":"taxable","11":"shipping-taxable","12":"purchasable","13":"product-type-simple"},"acf":[],"_links":{"self":[{"href":"https:\/\/mitjavilaslowshop.com\/es\/wp-json\/wp\/v2\/product\/71450","targetHints":{"allow":["GET"]}}],"collection":[{"href":"https:\/\/mitjavilaslowshop.com\/es\/wp-json\/wp\/v2\/product"}],"about":[{"href":"https:\/\/mitjavilaslowshop.com\/es\/wp-json\/wp\/v2\/types\/product"}],"replies":[{"embeddable":true,"href":"https:\/\/mitjavilaslowshop.com\/es\/wp-json\/wp\/v2\/comments?post=71450"}],"version-history":[{"count":4,"href":"https:\/\/mitjavilaslowshop.com\/es\/wp-json\/wp\/v2\/product\/71450\/revisions"}],"predecessor-version":[{"id":78994,"href":"https:\/\/mitjavilaslowshop.com\/es\/wp-json\/wp\/v2\/product\/71450\/revisions\/78994"}],"wp:featuredmedia":[{"embeddable":true,"href":"https:\/\/mitjavilaslowshop.com\/es\/wp-json\/wp\/v2\/media\/71451"}],"wp:attachment":[{"href":"https:\/\/mitjavilaslowshop.com\/es\/wp-json\/wp\/v2\/media?parent=71450"}],"wp:term":[{"taxonomy":"product_brand","embeddable":true,"href":"https:\/\/mitjavilaslowshop.com\/es\/wp-json\/wp\/v2\/product_brand?post=71450"},{"taxonomy":"product_cat","embeddable":true,"href":"https:\/\/mitjavilaslowshop.com\/es\/wp-json\/wp\/v2\/product_cat?post=71450"},{"taxonomy":"product_tag","embeddable":true,"href":"https:\/\/mitjavilaslowshop.com\/es\/wp-json\/wp\/v2\/product_tag?post=71450"}],"curies":[{"name":"wp","href":"https:\/\/api.w.org\/{rel}","templated":true}]}}