{"id":71446,"date":"2026-01-04T18:25:55","date_gmt":"2026-01-04T18:25:55","guid":{"rendered":"https:\/\/mitjavilaslowshop.com\/producte\/tahin-sin-sal\/"},"modified":"2026-03-17T13:48:21","modified_gmt":"2026-03-17T13:48:21","slug":"tahini-sin-sal","status":"publish","type":"product","link":"https:\/\/mitjavilaslowshop.com\/es\/producte\/tahini-sin-sal\/","title":{"rendered":"TAHINI SIN SAL"},"content":{"rendered":"<p>El Tahini Sin Sal est\u00e1 elaborado \u00fanicamente con semillas de s\u00e9samo ecol\u00f3gicas, ofreciendo una crema suave y nutritiva perfecta para recetas saludables y dietas bajas en sodio. Sin aditivos ni conservantes, garantiza la m\u00e1xima calidad del s\u00e9samo.<br \/> Ideal para preparar hummus casero, ensaladas, salsas o para untar en pan integral. Tambi\u00e9n aporta una textura cremosa y nutritiva a platos tanto dulces como salados.<br \/> 330 g<\/p>\n","protected":false},"excerpt":{"rendered":"<p>El Tahini Sin Sal est\u00e1 elaborado \u00fanicamente con semillas de s\u00e9samo ecol\u00f3gicas, ofreciendo una crema suave y nutritiva perfecta para recetas saludables y dietas bajas en sodio. Sin aditivos ni conservantes, garantiza la m\u00e1xima calidad del s\u00e9samo. Ideal para preparar hummus casero, ensaladas, salsas o para untar en pan integral. Tambi\u00e9n aporta una textura cremosa y nutritiva a platos tanto dulces como salados. 330 g<\/p>\n","protected":false},"featured_media":71447,"comment_status":"open","ping_status":"closed","template":"","meta":{"_acf_changed":false,"_joinchat":[]},"product_brand":[],"product_cat":[283],"product_tag":[],"class_list":{"0":"post-71446","1":"product","2":"type-product","3":"status-publish","4":"has-post-thumbnail","6":"product_cat-salsas-y-cremas","8":"first","9":"instock","10":"taxable","11":"shipping-taxable","12":"purchasable","13":"product-type-simple"},"acf":[],"_links":{"self":[{"href":"https:\/\/mitjavilaslowshop.com\/es\/wp-json\/wp\/v2\/product\/71446","targetHints":{"allow":["GET"]}}],"collection":[{"href":"https:\/\/mitjavilaslowshop.com\/es\/wp-json\/wp\/v2\/product"}],"about":[{"href":"https:\/\/mitjavilaslowshop.com\/es\/wp-json\/wp\/v2\/types\/product"}],"replies":[{"embeddable":true,"href":"https:\/\/mitjavilaslowshop.com\/es\/wp-json\/wp\/v2\/comments?post=71446"}],"version-history":[{"count":4,"href":"https:\/\/mitjavilaslowshop.com\/es\/wp-json\/wp\/v2\/product\/71446\/revisions"}],"predecessor-version":[{"id":78993,"href":"https:\/\/mitjavilaslowshop.com\/es\/wp-json\/wp\/v2\/product\/71446\/revisions\/78993"}],"wp:featuredmedia":[{"embeddable":true,"href":"https:\/\/mitjavilaslowshop.com\/es\/wp-json\/wp\/v2\/media\/71447"}],"wp:attachment":[{"href":"https:\/\/mitjavilaslowshop.com\/es\/wp-json\/wp\/v2\/media?parent=71446"}],"wp:term":[{"taxonomy":"product_brand","embeddable":true,"href":"https:\/\/mitjavilaslowshop.com\/es\/wp-json\/wp\/v2\/product_brand?post=71446"},{"taxonomy":"product_cat","embeddable":true,"href":"https:\/\/mitjavilaslowshop.com\/es\/wp-json\/wp\/v2\/product_cat?post=71446"},{"taxonomy":"product_tag","embeddable":true,"href":"https:\/\/mitjavilaslowshop.com\/es\/wp-json\/wp\/v2\/product_tag?post=71446"}],"curies":[{"name":"wp","href":"https:\/\/api.w.org\/{rel}","templated":true}]}}