{"id":71442,"date":"2026-01-04T18:25:56","date_gmt":"2026-01-04T18:25:56","guid":{"rendered":"https:\/\/mitjavilaslowshop.com\/producte\/salsa-de-tomaquet-i-olives\/"},"modified":"2026-03-17T13:48:20","modified_gmt":"2026-03-17T13:48:20","slug":"salsa-de-tomate-y-aceitunas","status":"publish","type":"product","link":"https:\/\/mitjavilaslowshop.com\/es\/producte\/salsa-de-tomate-y-aceitunas\/","title":{"rendered":"SALSA DE TOMATE Y ACEITUNAS"},"content":{"rendered":"<p>Tomates ecol\u00f3gicos, aceitunas verdes italianas ecol\u00f3gicas (puede contener trazas de hueso de oliva), aceite de oliva virgen extra ecol\u00f3gico, cebollas ecol\u00f3gicas, pimientos verdes ecol\u00f3gicos, aceitunas negras italianas ecol\u00f3gicas (puede contener trazas de perejil ecol\u00f3gico) y sal.<\/p>\n","protected":false},"excerpt":{"rendered":"<p>Tomates ecol\u00f3gicos, aceitunas verdes italianas ecol\u00f3gicas (puede contener trazas de hueso de oliva), aceite de oliva virgen extra ecol\u00f3gico, cebollas ecol\u00f3gicas, pimientos verdes ecol\u00f3gicos, aceitunas negras italianas ecol\u00f3gicas (puede contener trazas de perejil ecol\u00f3gico) y sal.<\/p>\n","protected":false},"featured_media":71443,"comment_status":"open","ping_status":"closed","template":"","meta":{"_acf_changed":false,"_joinchat":[]},"product_brand":[],"product_cat":[283],"product_tag":[],"class_list":{"0":"post-71442","1":"product","2":"type-product","3":"status-publish","4":"has-post-thumbnail","6":"product_cat-salsas-y-cremas","8":"first","9":"instock","10":"taxable","11":"shipping-taxable","12":"purchasable","13":"product-type-simple"},"acf":[],"_links":{"self":[{"href":"https:\/\/mitjavilaslowshop.com\/es\/wp-json\/wp\/v2\/product\/71442","targetHints":{"allow":["GET"]}}],"collection":[{"href":"https:\/\/mitjavilaslowshop.com\/es\/wp-json\/wp\/v2\/product"}],"about":[{"href":"https:\/\/mitjavilaslowshop.com\/es\/wp-json\/wp\/v2\/types\/product"}],"replies":[{"embeddable":true,"href":"https:\/\/mitjavilaslowshop.com\/es\/wp-json\/wp\/v2\/comments?post=71442"}],"version-history":[{"count":4,"href":"https:\/\/mitjavilaslowshop.com\/es\/wp-json\/wp\/v2\/product\/71442\/revisions"}],"predecessor-version":[{"id":78992,"href":"https:\/\/mitjavilaslowshop.com\/es\/wp-json\/wp\/v2\/product\/71442\/revisions\/78992"}],"wp:featuredmedia":[{"embeddable":true,"href":"https:\/\/mitjavilaslowshop.com\/es\/wp-json\/wp\/v2\/media\/71443"}],"wp:attachment":[{"href":"https:\/\/mitjavilaslowshop.com\/es\/wp-json\/wp\/v2\/media?parent=71442"}],"wp:term":[{"taxonomy":"product_brand","embeddable":true,"href":"https:\/\/mitjavilaslowshop.com\/es\/wp-json\/wp\/v2\/product_brand?post=71442"},{"taxonomy":"product_cat","embeddable":true,"href":"https:\/\/mitjavilaslowshop.com\/es\/wp-json\/wp\/v2\/product_cat?post=71442"},{"taxonomy":"product_tag","embeddable":true,"href":"https:\/\/mitjavilaslowshop.com\/es\/wp-json\/wp\/v2\/product_tag?post=71442"}],"curies":[{"name":"wp","href":"https:\/\/api.w.org\/{rel}","templated":true}]}}