{"id":71438,"date":"2026-01-04T18:25:56","date_gmt":"2026-01-04T18:25:56","guid":{"rendered":"https:\/\/mitjavilaslowshop.com\/producte\/hummus-bravo\/"},"modified":"2026-03-17T13:48:20","modified_gmt":"2026-03-17T13:48:20","slug":"hummus-bravo","status":"publish","type":"product","link":"https:\/\/mitjavilaslowshop.com\/es\/producte\/hummus-bravo\/","title":{"rendered":"HUMMUS BRAVO"},"content":{"rendered":"<p>El hummus Bravo est\u00e1 preparado con garbanzos ecol\u00f3gicos, pimientos asados y una combinaci\u00f3n de especias mediterr\u00e1neas que le confieren un sabor ligeramente picante. Una opci\u00f3n saludable y audaz para quienes disfrutan de sabores intensos.<br \/> Perfecto para untar en pan integral, acompa\u00f1ar verduras frescas o como ingrediente en bowls creativos. Ideal para aportar un toque mediterr\u00e1neo y picante a tus platos.<br \/> 220 g<br \/> Origen: Castilla y Le\u00f3n<\/p>\n","protected":false},"excerpt":{"rendered":"<p>El hummus Bravo est\u00e1 preparado con garbanzos ecol\u00f3gicos, pimientos asados y una combinaci\u00f3n de especias mediterr\u00e1neas que le confieren un sabor ligeramente picante. Una opci\u00f3n saludable y audaz para quienes disfrutan de sabores intensos. Perfecto para untar en pan integral, acompa\u00f1ar verduras frescas o como ingrediente en bowls creativos. Ideal para aportar un toque mediterr\u00e1neo y picante a tus platos. 220 g Origen: Castilla y Le\u00f3n<\/p>\n","protected":false},"featured_media":71439,"comment_status":"open","ping_status":"closed","template":"","meta":{"_acf_changed":false,"_joinchat":[]},"product_brand":[],"product_cat":[283],"product_tag":[],"class_list":{"0":"post-71438","1":"product","2":"type-product","3":"status-publish","4":"has-post-thumbnail","6":"product_cat-salsas-y-cremas","8":"first","9":"instock","10":"taxable","11":"shipping-taxable","12":"purchasable","13":"product-type-simple"},"acf":[],"_links":{"self":[{"href":"https:\/\/mitjavilaslowshop.com\/es\/wp-json\/wp\/v2\/product\/71438","targetHints":{"allow":["GET"]}}],"collection":[{"href":"https:\/\/mitjavilaslowshop.com\/es\/wp-json\/wp\/v2\/product"}],"about":[{"href":"https:\/\/mitjavilaslowshop.com\/es\/wp-json\/wp\/v2\/types\/product"}],"replies":[{"embeddable":true,"href":"https:\/\/mitjavilaslowshop.com\/es\/wp-json\/wp\/v2\/comments?post=71438"}],"version-history":[{"count":4,"href":"https:\/\/mitjavilaslowshop.com\/es\/wp-json\/wp\/v2\/product\/71438\/revisions"}],"predecessor-version":[{"id":78991,"href":"https:\/\/mitjavilaslowshop.com\/es\/wp-json\/wp\/v2\/product\/71438\/revisions\/78991"}],"wp:featuredmedia":[{"embeddable":true,"href":"https:\/\/mitjavilaslowshop.com\/es\/wp-json\/wp\/v2\/media\/71439"}],"wp:attachment":[{"href":"https:\/\/mitjavilaslowshop.com\/es\/wp-json\/wp\/v2\/media?parent=71438"}],"wp:term":[{"taxonomy":"product_brand","embeddable":true,"href":"https:\/\/mitjavilaslowshop.com\/es\/wp-json\/wp\/v2\/product_brand?post=71438"},{"taxonomy":"product_cat","embeddable":true,"href":"https:\/\/mitjavilaslowshop.com\/es\/wp-json\/wp\/v2\/product_cat?post=71438"},{"taxonomy":"product_tag","embeddable":true,"href":"https:\/\/mitjavilaslowshop.com\/es\/wp-json\/wp\/v2\/product_tag?post=71438"}],"curies":[{"name":"wp","href":"https:\/\/api.w.org\/{rel}","templated":true}]}}