{"id":71434,"date":"2026-01-04T18:25:57","date_gmt":"2026-01-04T18:25:57","guid":{"rendered":"https:\/\/mitjavilaslowshop.com\/producte\/crema-davellana-torrada-eco\/"},"modified":"2026-03-17T13:48:20","modified_gmt":"2026-03-17T13:48:20","slug":"crema-de-avellana-tostada-ecologica","status":"publish","type":"product","link":"https:\/\/mitjavilaslowshop.com\/es\/producte\/crema-de-avellana-tostada-ecologica\/","title":{"rendered":"CREMA DE AVELLANA TOSTADA ECOL\u00d3GICA"},"content":{"rendered":"<p>La crema de avellanas tostadas ecol\u00f3gica ofrece un sabor intenso y arom\u00e1tico que cautiva desde el primer momento. Elaborada con avellanas italianas de alta calidad, peque\u00f1as y muy fragantes, aporta un toque dulce con matices amaderados y de caramelo. Una opci\u00f3n natural y deliciosa para disfrutar en cualquier ocasi\u00f3n.<br \/>Ideal para desayunos nutritivos, snacks entre comidas, o como ingrediente en recetas tanto dulces como saladas. Perfecta para untar en pan, agregar a batidos o realzar postres.<br \/>Contenido: 200 g<br \/>Origen: Castilla y Le\u00f3n<\/p>\n","protected":false},"excerpt":{"rendered":"<p>La crema de avellanas tostadas ecol\u00f3gica ofrece un sabor intenso y arom\u00e1tico que cautiva desde el primer momento. Elaborada con avellanas italianas de alta calidad, peque\u00f1as y muy fragantes, aporta un toque dulce con matices amaderados y de caramelo. Una opci\u00f3n natural y deliciosa para disfrutar en cualquier ocasi\u00f3n.Ideal para desayunos nutritivos, snacks entre comidas, o como ingrediente en recetas tanto dulces como saladas. Perfecta para untar en pan, agregar a batidos o realzar postres.Contenido: 200 gOrigen: Castilla y Le\u00f3n<\/p>\n","protected":false},"featured_media":71435,"comment_status":"open","ping_status":"closed","template":"","meta":{"_acf_changed":false,"_joinchat":[]},"product_brand":[],"product_cat":[283],"product_tag":[],"class_list":{"0":"post-71434","1":"product","2":"type-product","3":"status-publish","4":"has-post-thumbnail","6":"product_cat-salsas-y-cremas","8":"first","9":"instock","10":"taxable","11":"shipping-taxable","12":"purchasable","13":"product-type-simple"},"acf":[],"_links":{"self":[{"href":"https:\/\/mitjavilaslowshop.com\/es\/wp-json\/wp\/v2\/product\/71434","targetHints":{"allow":["GET"]}}],"collection":[{"href":"https:\/\/mitjavilaslowshop.com\/es\/wp-json\/wp\/v2\/product"}],"about":[{"href":"https:\/\/mitjavilaslowshop.com\/es\/wp-json\/wp\/v2\/types\/product"}],"replies":[{"embeddable":true,"href":"https:\/\/mitjavilaslowshop.com\/es\/wp-json\/wp\/v2\/comments?post=71434"}],"version-history":[{"count":4,"href":"https:\/\/mitjavilaslowshop.com\/es\/wp-json\/wp\/v2\/product\/71434\/revisions"}],"predecessor-version":[{"id":78990,"href":"https:\/\/mitjavilaslowshop.com\/es\/wp-json\/wp\/v2\/product\/71434\/revisions\/78990"}],"wp:featuredmedia":[{"embeddable":true,"href":"https:\/\/mitjavilaslowshop.com\/es\/wp-json\/wp\/v2\/media\/71435"}],"wp:attachment":[{"href":"https:\/\/mitjavilaslowshop.com\/es\/wp-json\/wp\/v2\/media?parent=71434"}],"wp:term":[{"taxonomy":"product_brand","embeddable":true,"href":"https:\/\/mitjavilaslowshop.com\/es\/wp-json\/wp\/v2\/product_brand?post=71434"},{"taxonomy":"product_cat","embeddable":true,"href":"https:\/\/mitjavilaslowshop.com\/es\/wp-json\/wp\/v2\/product_cat?post=71434"},{"taxonomy":"product_tag","embeddable":true,"href":"https:\/\/mitjavilaslowshop.com\/es\/wp-json\/wp\/v2\/product_tag?post=71434"}],"curies":[{"name":"wp","href":"https:\/\/api.w.org\/{rel}","templated":true}]}}