{"id":71418,"date":"2026-01-04T18:25:59","date_gmt":"2026-01-04T18:25:59","guid":{"rendered":"https:\/\/mitjavilaslowshop.com\/producte\/brou-dossos-vedella-concentrat-eco\/"},"modified":"2026-03-17T13:48:18","modified_gmt":"2026-03-17T13:48:18","slug":"caldo-concentrado-de-huesos-de-ternera-ecologico","status":"publish","type":"product","link":"https:\/\/mitjavilaslowshop.com\/es\/producte\/caldo-concentrado-de-huesos-de-ternera-ecologico\/","title":{"rendered":"CALDO CONCENTRADO DE HUESOS DE TERNERA ECOL\u00d3GICO"},"content":{"rendered":"<h3 data-end=\"196\" data-start=\"135\">  <strong data-end=\"194\" data-start=\"142\">JARMINO \u2013 CALDO CONCENTRADO ECOL\u00d3GICO DE HUESOS DE TERNERA<\/strong><\/h3>\n<h3 data-end=\"196\" data-start=\"135\"><br data-end=\"219\" data-start=\"216\" \/>Caldo concentrado de huesos de ternera ecol\u00f3gico Jarmino, rico en col\u00e1geno y elaborado con ingredientes 100% naturales y sostenibles. Perfecto para fortalecer las articulaciones y favorecer una mejor digesti\u00f3n.<\/h3>\n","protected":false},"excerpt":{"rendered":"<p>JARMINO \u2013 CALDO CONCENTRADO ECOL\u00d3GICO DE HUESOS DE TERNERA Caldo concentrado de huesos de ternera ecol\u00f3gico Jarmino, rico en col\u00e1geno y elaborado con ingredientes 100% naturales y sostenibles. Perfecto para fortalecer las articulaciones y favorecer una mejor digesti\u00f3n.<\/p>\n","protected":false},"featured_media":71419,"comment_status":"open","ping_status":"closed","template":"","meta":{"_acf_changed":false,"_joinchat":[]},"product_brand":[440],"product_cat":[283],"product_tag":[],"class_list":{"0":"post-71418","1":"product","2":"type-product","3":"status-publish","4":"has-post-thumbnail","6":"product_brand-ecologic","7":"product_cat-salsas-y-cremas","9":"first","10":"instock","11":"taxable","12":"shipping-taxable","13":"purchasable","14":"product-type-simple"},"acf":[],"_links":{"self":[{"href":"https:\/\/mitjavilaslowshop.com\/es\/wp-json\/wp\/v2\/product\/71418","targetHints":{"allow":["GET"]}}],"collection":[{"href":"https:\/\/mitjavilaslowshop.com\/es\/wp-json\/wp\/v2\/product"}],"about":[{"href":"https:\/\/mitjavilaslowshop.com\/es\/wp-json\/wp\/v2\/types\/product"}],"replies":[{"embeddable":true,"href":"https:\/\/mitjavilaslowshop.com\/es\/wp-json\/wp\/v2\/comments?post=71418"}],"version-history":[{"count":5,"href":"https:\/\/mitjavilaslowshop.com\/es\/wp-json\/wp\/v2\/product\/71418\/revisions"}],"predecessor-version":[{"id":78986,"href":"https:\/\/mitjavilaslowshop.com\/es\/wp-json\/wp\/v2\/product\/71418\/revisions\/78986"}],"wp:featuredmedia":[{"embeddable":true,"href":"https:\/\/mitjavilaslowshop.com\/es\/wp-json\/wp\/v2\/media\/71419"}],"wp:attachment":[{"href":"https:\/\/mitjavilaslowshop.com\/es\/wp-json\/wp\/v2\/media?parent=71418"}],"wp:term":[{"taxonomy":"product_brand","embeddable":true,"href":"https:\/\/mitjavilaslowshop.com\/es\/wp-json\/wp\/v2\/product_brand?post=71418"},{"taxonomy":"product_cat","embeddable":true,"href":"https:\/\/mitjavilaslowshop.com\/es\/wp-json\/wp\/v2\/product_cat?post=71418"},{"taxonomy":"product_tag","embeddable":true,"href":"https:\/\/mitjavilaslowshop.com\/es\/wp-json\/wp\/v2\/product_tag?post=71418"}],"curies":[{"name":"wp","href":"https:\/\/api.w.org\/{rel}","templated":true}]}}