{"id":71414,"date":"2026-01-04T18:25:59","date_gmt":"2026-01-04T18:25:59","guid":{"rendered":"https:\/\/mitjavilaslowshop.com\/producte\/brou-dossos-pollastre-eco\/"},"modified":"2026-03-17T13:48:18","modified_gmt":"2026-03-17T13:48:18","slug":"caldo-de-huesos-de-pollo-ecologico","status":"publish","type":"product","link":"https:\/\/mitjavilaslowshop.com\/es\/producte\/caldo-de-huesos-de-pollo-ecologico\/","title":{"rendered":"CALDO DE HUESOS DE POLLO ECOL\u00d3GICO"},"content":{"rendered":"<h3 data-end=\"178\" data-start=\"126\"><strong data-end=\"176\" data-start=\"133\">JARMINO \u2013 CALDO ECOL\u00d3GICO DE HUESOS DE POLLO<\/strong><\/h3>\n<p data-end=\"408\" data-start=\"179\">Caldo ecol\u00f3gico de huesos de pollo Jarmino, una fuente natural de col\u00e1geno y nutrientes esenciales. Preparado con ingredientes de primera calidad y m\u00e9todos sostenibles. Perfecto para favorecer la salud articular y digestiva.<\/p>\n","protected":false},"excerpt":{"rendered":"<p>JARMINO \u2013 CALDO ECOL\u00d3GICO DE HUESOS DE POLLO Caldo ecol\u00f3gico de huesos de pollo Jarmino, una fuente natural de col\u00e1geno y nutrientes esenciales. Preparado con ingredientes de primera calidad y m\u00e9todos sostenibles. Perfecto para favorecer la salud articular y digestiva.<\/p>\n","protected":false},"featured_media":71415,"comment_status":"open","ping_status":"closed","template":"","meta":{"_acf_changed":false,"_joinchat":[]},"product_brand":[440],"product_cat":[283],"product_tag":[],"class_list":{"0":"post-71414","1":"product","2":"type-product","3":"status-publish","4":"has-post-thumbnail","6":"product_brand-ecologic","7":"product_cat-salsas-y-cremas","9":"first","10":"instock","11":"taxable","12":"shipping-taxable","13":"purchasable","14":"product-type-simple"},"acf":[],"_links":{"self":[{"href":"https:\/\/mitjavilaslowshop.com\/es\/wp-json\/wp\/v2\/product\/71414","targetHints":{"allow":["GET"]}}],"collection":[{"href":"https:\/\/mitjavilaslowshop.com\/es\/wp-json\/wp\/v2\/product"}],"about":[{"href":"https:\/\/mitjavilaslowshop.com\/es\/wp-json\/wp\/v2\/types\/product"}],"replies":[{"embeddable":true,"href":"https:\/\/mitjavilaslowshop.com\/es\/wp-json\/wp\/v2\/comments?post=71414"}],"version-history":[{"count":4,"href":"https:\/\/mitjavilaslowshop.com\/es\/wp-json\/wp\/v2\/product\/71414\/revisions"}],"predecessor-version":[{"id":78985,"href":"https:\/\/mitjavilaslowshop.com\/es\/wp-json\/wp\/v2\/product\/71414\/revisions\/78985"}],"wp:featuredmedia":[{"embeddable":true,"href":"https:\/\/mitjavilaslowshop.com\/es\/wp-json\/wp\/v2\/media\/71415"}],"wp:attachment":[{"href":"https:\/\/mitjavilaslowshop.com\/es\/wp-json\/wp\/v2\/media?parent=71414"}],"wp:term":[{"taxonomy":"product_brand","embeddable":true,"href":"https:\/\/mitjavilaslowshop.com\/es\/wp-json\/wp\/v2\/product_brand?post=71414"},{"taxonomy":"product_cat","embeddable":true,"href":"https:\/\/mitjavilaslowshop.com\/es\/wp-json\/wp\/v2\/product_cat?post=71414"},{"taxonomy":"product_tag","embeddable":true,"href":"https:\/\/mitjavilaslowshop.com\/es\/wp-json\/wp\/v2\/product_tag?post=71414"}],"curies":[{"name":"wp","href":"https:\/\/api.w.org\/{rel}","templated":true}]}}