{"id":71410,"date":"2026-01-04T18:26:00","date_gmt":"2026-01-04T18:26:00","guid":{"rendered":"https:\/\/mitjavilaslowshop.com\/producte\/salsa-brava\/"},"modified":"2026-03-17T13:48:17","modified_gmt":"2026-03-17T13:48:17","slug":"salsa-brava","status":"publish","type":"product","link":"https:\/\/mitjavilaslowshop.com\/es\/producte\/salsa-brava\/","title":{"rendered":"SALSA BRAVA"},"content":{"rendered":"<p>La salsa brava est\u00e1 preparada con ingredientes naturales para brindarte el aut\u00e9ntico sabor de las tapas m\u00e1s cl\u00e1sicas. Su textura suave y su picante equilibrado la hacen ideal para realzar tus patatas bravas y otros platos mediterr\u00e1neos.<br \/> Perfecta para acompa\u00f1ar patatas bravas, verduras, carnes a la parrilla o como base para recetas innovadoras. Solo abre y disfruta de una salsa tradicional con mucho car\u00e1cter.<br \/> Origen: Lleida<\/p>\n","protected":false},"excerpt":{"rendered":"<p>La salsa brava est\u00e1 preparada con ingredientes naturales para brindarte el aut\u00e9ntico sabor de las tapas m\u00e1s cl\u00e1sicas. Su textura suave y su picante equilibrado la hacen ideal para realzar tus patatas bravas y otros platos mediterr\u00e1neos. Perfecta para acompa\u00f1ar patatas bravas, verduras, carnes a la parrilla o como base para recetas innovadoras. Solo abre y disfruta de una salsa tradicional con mucho car\u00e1cter. Origen: Lleida<\/p>\n","protected":false},"featured_media":71411,"comment_status":"open","ping_status":"closed","template":"","meta":{"_acf_changed":false,"_joinchat":[]},"product_brand":[],"product_cat":[283],"product_tag":[],"class_list":{"0":"post-71410","1":"product","2":"type-product","3":"status-publish","4":"has-post-thumbnail","6":"product_cat-salsas-y-cremas","8":"first","9":"instock","10":"taxable","11":"shipping-taxable","12":"purchasable","13":"product-type-simple"},"acf":[],"_links":{"self":[{"href":"https:\/\/mitjavilaslowshop.com\/es\/wp-json\/wp\/v2\/product\/71410","targetHints":{"allow":["GET"]}}],"collection":[{"href":"https:\/\/mitjavilaslowshop.com\/es\/wp-json\/wp\/v2\/product"}],"about":[{"href":"https:\/\/mitjavilaslowshop.com\/es\/wp-json\/wp\/v2\/types\/product"}],"replies":[{"embeddable":true,"href":"https:\/\/mitjavilaslowshop.com\/es\/wp-json\/wp\/v2\/comments?post=71410"}],"version-history":[{"count":4,"href":"https:\/\/mitjavilaslowshop.com\/es\/wp-json\/wp\/v2\/product\/71410\/revisions"}],"predecessor-version":[{"id":78984,"href":"https:\/\/mitjavilaslowshop.com\/es\/wp-json\/wp\/v2\/product\/71410\/revisions\/78984"}],"wp:featuredmedia":[{"embeddable":true,"href":"https:\/\/mitjavilaslowshop.com\/es\/wp-json\/wp\/v2\/media\/71411"}],"wp:attachment":[{"href":"https:\/\/mitjavilaslowshop.com\/es\/wp-json\/wp\/v2\/media?parent=71410"}],"wp:term":[{"taxonomy":"product_brand","embeddable":true,"href":"https:\/\/mitjavilaslowshop.com\/es\/wp-json\/wp\/v2\/product_brand?post=71410"},{"taxonomy":"product_cat","embeddable":true,"href":"https:\/\/mitjavilaslowshop.com\/es\/wp-json\/wp\/v2\/product_cat?post=71410"},{"taxonomy":"product_tag","embeddable":true,"href":"https:\/\/mitjavilaslowshop.com\/es\/wp-json\/wp\/v2\/product_tag?post=71410"}],"curies":[{"name":"wp","href":"https:\/\/api.w.org\/{rel}","templated":true}]}}