{"id":71406,"date":"2026-01-04T18:26:00","date_gmt":"2026-01-04T18:26:00","guid":{"rendered":"https:\/\/mitjavilaslowshop.com\/producte\/salsa-allioli\/"},"modified":"2026-03-17T13:48:17","modified_gmt":"2026-03-17T13:48:17","slug":"salsa-alioli","status":"publish","type":"product","link":"https:\/\/mitjavilaslowshop.com\/es\/producte\/salsa-alioli\/","title":{"rendered":"SALSA ALIOLI"},"content":{"rendered":"<p>La salsa alioli est\u00e1 preparada con ingredientes naturales para brindarte el aut\u00e9ntico sabor de la cocina mediterr\u00e1nea. Combina ajo y aceite de oliva virgen extra, con una textura cremosa y un sabor intenso, perfecta para realzar tus platos favoritos.<br \/>Origen: Lleida<\/p>\n","protected":false},"excerpt":{"rendered":"<p>La salsa alioli est\u00e1 preparada con ingredientes naturales para brindarte el aut\u00e9ntico sabor de la cocina mediterr\u00e1nea. Combina ajo y aceite de oliva virgen extra, con una textura cremosa y un sabor intenso, perfecta para realzar tus platos favoritos.Origen: Lleida<\/p>\n","protected":false},"featured_media":71407,"comment_status":"open","ping_status":"closed","template":"","meta":{"_acf_changed":false,"_joinchat":[]},"product_brand":[],"product_cat":[283],"product_tag":[],"class_list":{"0":"post-71406","1":"product","2":"type-product","3":"status-publish","4":"has-post-thumbnail","6":"product_cat-salsas-y-cremas","8":"first","9":"instock","10":"taxable","11":"shipping-taxable","12":"purchasable","13":"product-type-simple"},"acf":[],"_links":{"self":[{"href":"https:\/\/mitjavilaslowshop.com\/es\/wp-json\/wp\/v2\/product\/71406","targetHints":{"allow":["GET"]}}],"collection":[{"href":"https:\/\/mitjavilaslowshop.com\/es\/wp-json\/wp\/v2\/product"}],"about":[{"href":"https:\/\/mitjavilaslowshop.com\/es\/wp-json\/wp\/v2\/types\/product"}],"replies":[{"embeddable":true,"href":"https:\/\/mitjavilaslowshop.com\/es\/wp-json\/wp\/v2\/comments?post=71406"}],"version-history":[{"count":4,"href":"https:\/\/mitjavilaslowshop.com\/es\/wp-json\/wp\/v2\/product\/71406\/revisions"}],"predecessor-version":[{"id":78983,"href":"https:\/\/mitjavilaslowshop.com\/es\/wp-json\/wp\/v2\/product\/71406\/revisions\/78983"}],"wp:featuredmedia":[{"embeddable":true,"href":"https:\/\/mitjavilaslowshop.com\/es\/wp-json\/wp\/v2\/media\/71407"}],"wp:attachment":[{"href":"https:\/\/mitjavilaslowshop.com\/es\/wp-json\/wp\/v2\/media?parent=71406"}],"wp:term":[{"taxonomy":"product_brand","embeddable":true,"href":"https:\/\/mitjavilaslowshop.com\/es\/wp-json\/wp\/v2\/product_brand?post=71406"},{"taxonomy":"product_cat","embeddable":true,"href":"https:\/\/mitjavilaslowshop.com\/es\/wp-json\/wp\/v2\/product_cat?post=71406"},{"taxonomy":"product_tag","embeddable":true,"href":"https:\/\/mitjavilaslowshop.com\/es\/wp-json\/wp\/v2\/product_tag?post=71406"}],"curies":[{"name":"wp","href":"https:\/\/api.w.org\/{rel}","templated":true}]}}