{"id":71394,"date":"2026-01-04T18:26:02","date_gmt":"2026-01-04T18:26:02","guid":{"rendered":"https:\/\/mitjavilaslowshop.com\/producte\/polvorons-eco\/"},"modified":"2026-04-12T21:05:46","modified_gmt":"2026-04-12T21:05:46","slug":"polvorons-eco","status":"publish","type":"product","link":"https:\/\/mitjavilaslowshop.com\/es\/producte\/polvorons-eco\/","title":{"rendered":"POLVORONS ECO"},"content":{"rendered":"<p>El polvorons ecol\u00f2gics amb tot el sabor tradicional s\u00f3n vegans i aptes per a cel\u00edacs. Elaborats amb ametlla torrada, un toc de canyella i llimona, aquests dol\u00e7os nadalencs respecten la recepta cl\u00e0ssica per\u00f2 amb ingredients saludables i sostenibles.<br \/>\nOrigen: Barcelona<\/p>\n","protected":false},"excerpt":{"rendered":"<p>El polvorons ecol\u00f2gics amb tot el sabor tradicional s\u00f3n vegans i aptes per a cel\u00edacs. Elaborats amb ametlla torrada, un toc de canyella i llimona, aquests dol\u00e7os nadalencs respecten la recepta cl\u00e0ssica per\u00f2 amb ingredients saludables i sostenibles.<br \/>\nOrigen: Barcelona<\/p>\n","protected":false},"featured_media":71395,"comment_status":"open","ping_status":"closed","template":"","meta":{"_acf_changed":false,"_joinchat":[]},"product_brand":[],"product_cat":[281],"product_tag":[],"class_list":{"0":"post-71394","1":"product","2":"type-product","3":"status-publish","4":"has-post-thumbnail","6":"product_cat-turrones","8":"first","9":"outofstock","10":"taxable","11":"shipping-taxable","12":"purchasable","13":"product-type-simple"},"acf":[],"_links":{"self":[{"href":"https:\/\/mitjavilaslowshop.com\/es\/wp-json\/wp\/v2\/product\/71394","targetHints":{"allow":["GET"]}}],"collection":[{"href":"https:\/\/mitjavilaslowshop.com\/es\/wp-json\/wp\/v2\/product"}],"about":[{"href":"https:\/\/mitjavilaslowshop.com\/es\/wp-json\/wp\/v2\/types\/product"}],"replies":[{"embeddable":true,"href":"https:\/\/mitjavilaslowshop.com\/es\/wp-json\/wp\/v2\/comments?post=71394"}],"version-history":[{"count":7,"href":"https:\/\/mitjavilaslowshop.com\/es\/wp-json\/wp\/v2\/product\/71394\/revisions"}],"predecessor-version":[{"id":92153,"href":"https:\/\/mitjavilaslowshop.com\/es\/wp-json\/wp\/v2\/product\/71394\/revisions\/92153"}],"wp:featuredmedia":[{"embeddable":true,"href":"https:\/\/mitjavilaslowshop.com\/es\/wp-json\/wp\/v2\/media\/71395"}],"wp:attachment":[{"href":"https:\/\/mitjavilaslowshop.com\/es\/wp-json\/wp\/v2\/media?parent=71394"}],"wp:term":[{"taxonomy":"product_brand","embeddable":true,"href":"https:\/\/mitjavilaslowshop.com\/es\/wp-json\/wp\/v2\/product_brand?post=71394"},{"taxonomy":"product_cat","embeddable":true,"href":"https:\/\/mitjavilaslowshop.com\/es\/wp-json\/wp\/v2\/product_cat?post=71394"},{"taxonomy":"product_tag","embeddable":true,"href":"https:\/\/mitjavilaslowshop.com\/es\/wp-json\/wp\/v2\/product_tag?post=71394"}],"curies":[{"name":"wp","href":"https:\/\/api.w.org\/{rel}","templated":true}]}}