{"id":71386,"date":"2026-01-04T18:26:03","date_gmt":"2026-01-04T18:26:03","guid":{"rendered":"https:\/\/mitjavilaslowshop.com\/producte\/torro-coco-i-xoco-eco\/"},"modified":"2026-03-17T13:48:15","modified_gmt":"2026-03-17T13:48:15","slug":"torron-de-coco-y-chocolate-ecologico","status":"publish","type":"product","link":"https:\/\/mitjavilaslowshop.com\/es\/producte\/torron-de-coco-y-chocolate-ecologico\/","title":{"rendered":"TORR\u00d3N DE COCO Y CHOCOLATE ECOL\u00d3GICO"},"content":{"rendered":"<p>El Turr\u00f3n Ecol\u00f3gico de Coco y Chocolate ofrece una mezcla irresistible para quienes disfrutan del sabor intenso del cacao junto con la suavidad del coco. Fabricado con ingredientes 100% org\u00e1nicos, este turr\u00f3n combina la tradici\u00f3n navide\u00f1a con un toque saludable y ex\u00f3tico. Perfecto para compartir en familia o como regalo en momentos especiales.<br \/> Origen: Vic<\/p>\n","protected":false},"excerpt":{"rendered":"<p>El Turr\u00f3n Ecol\u00f3gico de Coco y Chocolate ofrece una mezcla irresistible para quienes disfrutan del sabor intenso del cacao junto con la suavidad del coco. Fabricado con ingredientes 100% org\u00e1nicos, este turr\u00f3n combina la tradici\u00f3n navide\u00f1a con un toque saludable y ex\u00f3tico. Perfecto para compartir en familia o como regalo en momentos especiales. Origen: Vic<\/p>\n","protected":false},"featured_media":71387,"comment_status":"open","ping_status":"closed","template":"","meta":{"_acf_changed":false,"_joinchat":[]},"product_brand":[],"product_cat":[281],"product_tag":[],"class_list":{"0":"post-71386","1":"product","2":"type-product","3":"status-publish","4":"has-post-thumbnail","6":"product_cat-turrones","8":"first","9":"outofstock","10":"taxable","11":"shipping-taxable","12":"purchasable","13":"product-type-simple"},"acf":[],"_links":{"self":[{"href":"https:\/\/mitjavilaslowshop.com\/es\/wp-json\/wp\/v2\/product\/71386","targetHints":{"allow":["GET"]}}],"collection":[{"href":"https:\/\/mitjavilaslowshop.com\/es\/wp-json\/wp\/v2\/product"}],"about":[{"href":"https:\/\/mitjavilaslowshop.com\/es\/wp-json\/wp\/v2\/types\/product"}],"replies":[{"embeddable":true,"href":"https:\/\/mitjavilaslowshop.com\/es\/wp-json\/wp\/v2\/comments?post=71386"}],"version-history":[{"count":4,"href":"https:\/\/mitjavilaslowshop.com\/es\/wp-json\/wp\/v2\/product\/71386\/revisions"}],"predecessor-version":[{"id":78978,"href":"https:\/\/mitjavilaslowshop.com\/es\/wp-json\/wp\/v2\/product\/71386\/revisions\/78978"}],"wp:featuredmedia":[{"embeddable":true,"href":"https:\/\/mitjavilaslowshop.com\/es\/wp-json\/wp\/v2\/media\/71387"}],"wp:attachment":[{"href":"https:\/\/mitjavilaslowshop.com\/es\/wp-json\/wp\/v2\/media?parent=71386"}],"wp:term":[{"taxonomy":"product_brand","embeddable":true,"href":"https:\/\/mitjavilaslowshop.com\/es\/wp-json\/wp\/v2\/product_brand?post=71386"},{"taxonomy":"product_cat","embeddable":true,"href":"https:\/\/mitjavilaslowshop.com\/es\/wp-json\/wp\/v2\/product_cat?post=71386"},{"taxonomy":"product_tag","embeddable":true,"href":"https:\/\/mitjavilaslowshop.com\/es\/wp-json\/wp\/v2\/product_tag?post=71386"}],"curies":[{"name":"wp","href":"https:\/\/api.w.org\/{rel}","templated":true}]}}