{"id":71358,"date":"2026-01-04T18:26:20","date_gmt":"2026-01-04T18:26:20","guid":{"rendered":"https:\/\/mitjavilaslowshop.com\/producte\/moixernons\/"},"modified":"2026-03-17T13:48:11","modified_gmt":"2026-03-17T13:48:11","slug":"moixernones","status":"publish","type":"product","link":"https:\/\/mitjavilaslowshop.com\/es\/producte\/moixernones\/","title":{"rendered":"MOIXERNONES"},"content":{"rendered":"<p>Un hongo tradicional valorado por su aroma suave y sabor delicado. Perfectos para arroces, guisos, sopas, cremas y platos veganos, los moixernons aportan un toque aut\u00e9ntico y saludable a tus preparaciones. Hidr\u00e1talos en agua tibia durante 15-20 minutos y utiliza tambi\u00e9n el agua infusionada para potenciar el sabor de tus recetas.<\/p>\n","protected":false},"excerpt":{"rendered":"<p>Un hongo tradicional valorado por su aroma suave y sabor delicado. Perfectos para arroces, guisos, sopas, cremas y platos veganos, los moixernons aportan un toque aut\u00e9ntico y saludable a tus preparaciones. Hidr\u00e1talos en agua tibia durante 15-20 minutos y utiliza tambi\u00e9n el agua infusionada para potenciar el sabor de tus recetas.<\/p>\n","protected":false},"featured_media":71359,"comment_status":"open","ping_status":"closed","template":"","meta":{"_acf_changed":false,"_joinchat":[]},"product_brand":[],"product_cat":[271],"product_tag":[],"class_list":{"0":"post-71358","1":"product","2":"type-product","3":"status-publish","4":"has-post-thumbnail","6":"product_cat-setas","8":"first","9":"instock","10":"taxable","11":"shipping-taxable","12":"purchasable","13":"product-type-variable","14":"has-default-attributes"},"acf":[],"_links":{"self":[{"href":"https:\/\/mitjavilaslowshop.com\/es\/wp-json\/wp\/v2\/product\/71358","targetHints":{"allow":["GET"]}}],"collection":[{"href":"https:\/\/mitjavilaslowshop.com\/es\/wp-json\/wp\/v2\/product"}],"about":[{"href":"https:\/\/mitjavilaslowshop.com\/es\/wp-json\/wp\/v2\/types\/product"}],"replies":[{"embeddable":true,"href":"https:\/\/mitjavilaslowshop.com\/es\/wp-json\/wp\/v2\/comments?post=71358"}],"version-history":[{"count":4,"href":"https:\/\/mitjavilaslowshop.com\/es\/wp-json\/wp\/v2\/product\/71358\/revisions"}],"predecessor-version":[{"id":78971,"href":"https:\/\/mitjavilaslowshop.com\/es\/wp-json\/wp\/v2\/product\/71358\/revisions\/78971"}],"wp:featuredmedia":[{"embeddable":true,"href":"https:\/\/mitjavilaslowshop.com\/es\/wp-json\/wp\/v2\/media\/71359"}],"wp:attachment":[{"href":"https:\/\/mitjavilaslowshop.com\/es\/wp-json\/wp\/v2\/media?parent=71358"}],"wp:term":[{"taxonomy":"product_brand","embeddable":true,"href":"https:\/\/mitjavilaslowshop.com\/es\/wp-json\/wp\/v2\/product_brand?post=71358"},{"taxonomy":"product_cat","embeddable":true,"href":"https:\/\/mitjavilaslowshop.com\/es\/wp-json\/wp\/v2\/product_cat?post=71358"},{"taxonomy":"product_tag","embeddable":true,"href":"https:\/\/mitjavilaslowshop.com\/es\/wp-json\/wp\/v2\/product_tag?post=71358"}],"curies":[{"name":"wp","href":"https:\/\/api.w.org\/{rel}","templated":true}]}}