{"id":71346,"date":"2026-01-04T18:26:22","date_gmt":"2026-01-04T18:26:22","guid":{"rendered":"https:\/\/mitjavilaslowshop.com\/producte\/sabo-artesanal-rosa-mosqueta-i-karite\/"},"modified":"2026-03-17T13:48:09","modified_gmt":"2026-03-17T13:48:09","slug":"sabon-artesanal-de-rosa-mosqueta-y-karite","status":"publish","type":"product","link":"https:\/\/mitjavilaslowshop.com\/es\/producte\/sabon-artesanal-de-rosa-mosqueta-y-karite\/","title":{"rendered":"SAB\u00d3N ARTESANAL DE ROSA MOSQUETA Y KARIT\u00c9"},"content":{"rendered":"<p>Jab\u00f3n natural artesanal elaborado con aceites de oliva y coco. Enriquecido con extractos de Rosa Mosqueta y manteca de Karit\u00e9, proporciona hidrataci\u00f3n profunda y ayuda a reparar la piel.<br \/> Biodegradable. Libre de aceite de palma, sulfatos, ftalatos, parafinas, siliconas, PEG, parabenos y kathon. Conservantes naturales. Producto vegano y no testado en animales.<\/p>\n<p> BENEFICIOS<br \/> MANTECA DE KARIT\u00c9 (Butyrospermum Parkii Butter): grasa vegetal extra\u00edda del fruto del \u00e1rbol de karit\u00e9, reconocida por sus propiedades hidratantes. Refuerza la barrera lip\u00eddica de la piel, ideal para pieles at\u00f3picas e irritadas. Calma y suaviza sin dejar sensaci\u00f3n grasa.<br \/> ROSA MOSQUETA (Aceite de Rosa Canina): rica en vitamina C y \u00e1cidos grasos esenciales, ofrece efectos antioxidantes, estimula la producci\u00f3n de col\u00e1geno, reduce arrugas y ayuda a reparar da\u00f1os solares como manchas e hiperpigmentaci\u00f3n. Tambi\u00e9n favorece la cicatrizaci\u00f3n y alivia el dolor articular. Hidrata y mejora la elasticidad de las pieles secas.<\/p>\n<p> Origen: Nacional<\/p>\n","protected":false},"excerpt":{"rendered":"<p>Jab\u00f3n natural artesanal elaborado con aceites de oliva y coco. Enriquecido con extractos de Rosa Mosqueta y manteca de Karit\u00e9, proporciona hidrataci\u00f3n profunda y ayuda a reparar la piel. Biodegradable. Libre de aceite de palma, sulfatos, ftalatos, parafinas, siliconas, PEG, parabenos y kathon. Conservantes naturales. Producto vegano y no testado en animales. BENEFICIOS MANTECA DE KARIT\u00c9 (Butyrospermum Parkii Butter): grasa vegetal extra\u00edda del fruto del \u00e1rbol de karit\u00e9, reconocida por sus propiedades hidratantes. Refuerza la barrera lip\u00eddica de la piel, ideal para pieles at\u00f3picas e irritadas. Calma y suaviza sin dejar sensaci\u00f3n grasa. ROSA MOSQUETA (Aceite de Rosa Canina): rica en vitamina C y \u00e1cidos grasos esenciales, ofrece efectos antioxidantes, estimula la producci\u00f3n de col\u00e1geno, reduce arrugas y ayuda a reparar da\u00f1os solares como manchas e hiperpigmentaci\u00f3n. Tambi\u00e9n favorece la cicatrizaci\u00f3n y alivia el dolor articular. Hidrata y mejora la elasticidad de las pieles secas. Origen: Nacional<\/p>\n","protected":false},"featured_media":71347,"comment_status":"open","ping_status":"closed","template":"","meta":{"_acf_changed":false,"_joinchat":[]},"product_brand":[],"product_cat":[267],"product_tag":[],"class_list":{"0":"post-71346","1":"product","2":"type-product","3":"status-publish","4":"has-post-thumbnail","6":"product_cat-higiene","8":"first","9":"instock","10":"featured","11":"taxable","12":"shipping-taxable","13":"purchasable","14":"product-type-variable","15":"has-default-attributes"},"acf":[],"_links":{"self":[{"href":"https:\/\/mitjavilaslowshop.com\/es\/wp-json\/wp\/v2\/product\/71346","targetHints":{"allow":["GET"]}}],"collection":[{"href":"https:\/\/mitjavilaslowshop.com\/es\/wp-json\/wp\/v2\/product"}],"about":[{"href":"https:\/\/mitjavilaslowshop.com\/es\/wp-json\/wp\/v2\/types\/product"}],"replies":[{"embeddable":true,"href":"https:\/\/mitjavilaslowshop.com\/es\/wp-json\/wp\/v2\/comments?post=71346"}],"version-history":[{"count":6,"href":"https:\/\/mitjavilaslowshop.com\/es\/wp-json\/wp\/v2\/product\/71346\/revisions"}],"predecessor-version":[{"id":81526,"href":"https:\/\/mitjavilaslowshop.com\/es\/wp-json\/wp\/v2\/product\/71346\/revisions\/81526"}],"wp:featuredmedia":[{"embeddable":true,"href":"https:\/\/mitjavilaslowshop.com\/es\/wp-json\/wp\/v2\/media\/71347"}],"wp:attachment":[{"href":"https:\/\/mitjavilaslowshop.com\/es\/wp-json\/wp\/v2\/media?parent=71346"}],"wp:term":[{"taxonomy":"product_brand","embeddable":true,"href":"https:\/\/mitjavilaslowshop.com\/es\/wp-json\/wp\/v2\/product_brand?post=71346"},{"taxonomy":"product_cat","embeddable":true,"href":"https:\/\/mitjavilaslowshop.com\/es\/wp-json\/wp\/v2\/product_cat?post=71346"},{"taxonomy":"product_tag","embeddable":true,"href":"https:\/\/mitjavilaslowshop.com\/es\/wp-json\/wp\/v2\/product_tag?post=71346"}],"curies":[{"name":"wp","href":"https:\/\/api.w.org\/{rel}","templated":true}]}}