{"id":71334,"date":"2026-01-04T18:26:23","date_gmt":"2026-01-04T18:26:23","guid":{"rendered":"https:\/\/mitjavilaslowshop.com\/producte\/bb-xampu-arbre-de-te-i-lavanda\/"},"modified":"2026-03-17T13:48:09","modified_gmt":"2026-03-17T13:48:09","slug":"bb-champu-arbol-de-te-y-lavanda","status":"publish","type":"product","link":"https:\/\/mitjavilaslowshop.com\/es\/producte\/bb-champu-arbol-de-te-y-lavanda\/","title":{"rendered":"BB CHAMP\u00da \u00c1RBOL DE T\u00c9 Y LAVANDA"},"content":{"rendered":"<p>El champ\u00fa de \u00e1rbol de t\u00e9 y lavanda ofrece una limpieza capilar natural y ecol\u00f3gica. Con ingredientes vegetales y aceites esenciales, limpia profundamente, calma el cuero cabelludo y proporciona frescura, dejando el cabello suave y saludable.<br \/> Origen: Catalu\u00f1a<\/p>\n","protected":false},"excerpt":{"rendered":"<p>El champ\u00fa de \u00e1rbol de t\u00e9 y lavanda ofrece una limpieza capilar natural y ecol\u00f3gica. Con ingredientes vegetales y aceites esenciales, limpia profundamente, calma el cuero cabelludo y proporciona frescura, dejando el cabello suave y saludable. Origen: Catalu\u00f1a<\/p>\n","protected":false},"featured_media":71335,"comment_status":"open","ping_status":"closed","template":"","meta":{"_acf_changed":false,"_joinchat":[]},"product_brand":[],"product_cat":[267],"product_tag":[],"class_list":{"0":"post-71334","1":"product","2":"type-product","3":"status-publish","4":"has-post-thumbnail","6":"product_cat-higiene","8":"first","9":"instock","10":"featured","11":"taxable","12":"shipping-taxable","13":"purchasable","14":"product-type-simple"},"acf":[],"_links":{"self":[{"href":"https:\/\/mitjavilaslowshop.com\/es\/wp-json\/wp\/v2\/product\/71334","targetHints":{"allow":["GET"]}}],"collection":[{"href":"https:\/\/mitjavilaslowshop.com\/es\/wp-json\/wp\/v2\/product"}],"about":[{"href":"https:\/\/mitjavilaslowshop.com\/es\/wp-json\/wp\/v2\/types\/product"}],"replies":[{"embeddable":true,"href":"https:\/\/mitjavilaslowshop.com\/es\/wp-json\/wp\/v2\/comments?post=71334"}],"version-history":[{"count":4,"href":"https:\/\/mitjavilaslowshop.com\/es\/wp-json\/wp\/v2\/product\/71334\/revisions"}],"predecessor-version":[{"id":78965,"href":"https:\/\/mitjavilaslowshop.com\/es\/wp-json\/wp\/v2\/product\/71334\/revisions\/78965"}],"wp:featuredmedia":[{"embeddable":true,"href":"https:\/\/mitjavilaslowshop.com\/es\/wp-json\/wp\/v2\/media\/71335"}],"wp:attachment":[{"href":"https:\/\/mitjavilaslowshop.com\/es\/wp-json\/wp\/v2\/media?parent=71334"}],"wp:term":[{"taxonomy":"product_brand","embeddable":true,"href":"https:\/\/mitjavilaslowshop.com\/es\/wp-json\/wp\/v2\/product_brand?post=71334"},{"taxonomy":"product_cat","embeddable":true,"href":"https:\/\/mitjavilaslowshop.com\/es\/wp-json\/wp\/v2\/product_cat?post=71334"},{"taxonomy":"product_tag","embeddable":true,"href":"https:\/\/mitjavilaslowshop.com\/es\/wp-json\/wp\/v2\/product_tag?post=71334"}],"curies":[{"name":"wp","href":"https:\/\/api.w.org\/{rel}","templated":true}]}}