{"id":71322,"date":"2026-01-04T18:26:25","date_gmt":"2026-01-04T18:26:25","guid":{"rendered":"https:\/\/mitjavilaslowshop.com\/producte\/bb-acondicionador-argan\/"},"modified":"2026-03-17T13:48:08","modified_gmt":"2026-03-17T13:48:08","slug":"bb-acondicionador-de-argan","status":"publish","type":"product","link":"https:\/\/mitjavilaslowshop.com\/es\/producte\/bb-acondicionador-de-argan\/","title":{"rendered":"BB ACONDICIONADOR DE ARG\u00c1N"},"content":{"rendered":"<p>El acondicionador de arg\u00e1n es perfecto para nutrir y suavizar el cabello de manera natural. Enriquecido con aceite de arg\u00e1n, ofrece una hidrataci\u00f3n profunda, facilita el desenredado y aporta un acabado sedoso y brillante, cuidando el medio ambiente.<br \/> Origen: Catalu\u00f1a<\/p>\n","protected":false},"excerpt":{"rendered":"<p>El acondicionador de arg\u00e1n es perfecto para nutrir y suavizar el cabello de manera natural. Enriquecido con aceite de arg\u00e1n, ofrece una hidrataci\u00f3n profunda, facilita el desenredado y aporta un acabado sedoso y brillante, cuidando el medio ambiente. Origen: Catalu\u00f1a<\/p>\n","protected":false},"featured_media":71323,"comment_status":"open","ping_status":"closed","template":"","meta":{"_acf_changed":false,"_joinchat":[]},"product_brand":[],"product_cat":[267],"product_tag":[],"class_list":{"0":"post-71322","1":"product","2":"type-product","3":"status-publish","4":"has-post-thumbnail","6":"product_cat-higiene","8":"first","9":"instock","10":"taxable","11":"shipping-taxable","12":"purchasable","13":"product-type-simple"},"acf":[],"_links":{"self":[{"href":"https:\/\/mitjavilaslowshop.com\/es\/wp-json\/wp\/v2\/product\/71322","targetHints":{"allow":["GET"]}}],"collection":[{"href":"https:\/\/mitjavilaslowshop.com\/es\/wp-json\/wp\/v2\/product"}],"about":[{"href":"https:\/\/mitjavilaslowshop.com\/es\/wp-json\/wp\/v2\/types\/product"}],"replies":[{"embeddable":true,"href":"https:\/\/mitjavilaslowshop.com\/es\/wp-json\/wp\/v2\/comments?post=71322"}],"version-history":[{"count":4,"href":"https:\/\/mitjavilaslowshop.com\/es\/wp-json\/wp\/v2\/product\/71322\/revisions"}],"predecessor-version":[{"id":78962,"href":"https:\/\/mitjavilaslowshop.com\/es\/wp-json\/wp\/v2\/product\/71322\/revisions\/78962"}],"wp:featuredmedia":[{"embeddable":true,"href":"https:\/\/mitjavilaslowshop.com\/es\/wp-json\/wp\/v2\/media\/71323"}],"wp:attachment":[{"href":"https:\/\/mitjavilaslowshop.com\/es\/wp-json\/wp\/v2\/media?parent=71322"}],"wp:term":[{"taxonomy":"product_brand","embeddable":true,"href":"https:\/\/mitjavilaslowshop.com\/es\/wp-json\/wp\/v2\/product_brand?post=71322"},{"taxonomy":"product_cat","embeddable":true,"href":"https:\/\/mitjavilaslowshop.com\/es\/wp-json\/wp\/v2\/product_cat?post=71322"},{"taxonomy":"product_tag","embeddable":true,"href":"https:\/\/mitjavilaslowshop.com\/es\/wp-json\/wp\/v2\/product_tag?post=71322"}],"curies":[{"name":"wp","href":"https:\/\/api.w.org\/{rel}","templated":true}]}}