{"id":71318,"date":"2026-01-04T18:26:25","date_gmt":"2026-01-04T18:26:25","guid":{"rendered":"https:\/\/mitjavilaslowshop.com\/producte\/blanquejant-oxi-amb-percarbonat-sodi\/"},"modified":"2026-03-17T13:48:07","modified_gmt":"2026-03-17T13:48:07","slug":"blanqueador-oxi-con-percarbonato-sodico","status":"publish","type":"product","link":"https:\/\/mitjavilaslowshop.com\/es\/producte\/blanqueador-oxi-con-percarbonato-sodico\/","title":{"rendered":"BLANQUEADOR OXI (CON PERCARBONATO S\u00d3DICO)"},"content":{"rendered":"<p>El blanqueador Oxi, elaborado con percarbonato de sodio, es la opci\u00f3n natural para devolver el blanco original a tus prendas y eliminar manchas dif\u00edciles sin usar qu\u00edmicos agresivos. Perfecto para lavados ecol\u00f3gicos, es biodegradable, seguro y respetuoso con el medio ambiente.<br \/> Origen: Catalu\u00f1a<\/p>\n","protected":false},"excerpt":{"rendered":"<p>El blanqueador Oxi, elaborado con percarbonato de sodio, es la opci\u00f3n natural para devolver el blanco original a tus prendas y eliminar manchas dif\u00edciles sin usar qu\u00edmicos agresivos. Perfecto para lavados ecol\u00f3gicos, es biodegradable, seguro y respetuoso con el medio ambiente. Origen: Catalu\u00f1a<\/p>\n","protected":false},"featured_media":71319,"comment_status":"open","ping_status":"closed","template":"","meta":{"_acf_changed":false,"_joinchat":[]},"product_brand":[],"product_cat":[267],"product_tag":[],"class_list":{"0":"post-71318","1":"product","2":"type-product","3":"status-publish","4":"has-post-thumbnail","6":"product_cat-higiene","8":"first","9":"instock","10":"taxable","11":"shipping-taxable","12":"purchasable","13":"product-type-simple"},"acf":[],"_links":{"self":[{"href":"https:\/\/mitjavilaslowshop.com\/es\/wp-json\/wp\/v2\/product\/71318","targetHints":{"allow":["GET"]}}],"collection":[{"href":"https:\/\/mitjavilaslowshop.com\/es\/wp-json\/wp\/v2\/product"}],"about":[{"href":"https:\/\/mitjavilaslowshop.com\/es\/wp-json\/wp\/v2\/types\/product"}],"replies":[{"embeddable":true,"href":"https:\/\/mitjavilaslowshop.com\/es\/wp-json\/wp\/v2\/comments?post=71318"}],"version-history":[{"count":4,"href":"https:\/\/mitjavilaslowshop.com\/es\/wp-json\/wp\/v2\/product\/71318\/revisions"}],"predecessor-version":[{"id":78961,"href":"https:\/\/mitjavilaslowshop.com\/es\/wp-json\/wp\/v2\/product\/71318\/revisions\/78961"}],"wp:featuredmedia":[{"embeddable":true,"href":"https:\/\/mitjavilaslowshop.com\/es\/wp-json\/wp\/v2\/media\/71319"}],"wp:attachment":[{"href":"https:\/\/mitjavilaslowshop.com\/es\/wp-json\/wp\/v2\/media?parent=71318"}],"wp:term":[{"taxonomy":"product_brand","embeddable":true,"href":"https:\/\/mitjavilaslowshop.com\/es\/wp-json\/wp\/v2\/product_brand?post=71318"},{"taxonomy":"product_cat","embeddable":true,"href":"https:\/\/mitjavilaslowshop.com\/es\/wp-json\/wp\/v2\/product_cat?post=71318"},{"taxonomy":"product_tag","embeddable":true,"href":"https:\/\/mitjavilaslowshop.com\/es\/wp-json\/wp\/v2\/product_tag?post=71318"}],"curies":[{"name":"wp","href":"https:\/\/api.w.org\/{rel}","templated":true}]}}