{"id":71302,"date":"2026-01-04T18:26:28","date_gmt":"2026-01-04T18:26:28","guid":{"rendered":"https:\/\/mitjavilaslowshop.com\/producte\/sabo-artesanal-lavanda\/"},"modified":"2026-03-17T13:48:06","modified_gmt":"2026-03-17T13:48:06","slug":"jabon-artesanal-de-lavanda","status":"publish","type":"product","link":"https:\/\/mitjavilaslowshop.com\/es\/producte\/jabon-artesanal-de-lavanda\/","title":{"rendered":"JAB\u00d3N ARTESANAL DE LAVANDA"},"content":{"rendered":"<p>Jab\u00f3n natural artesanal elaborado con una mezcla de aceites de oliva y coco, junto con glicerina vegetal. Enriquecido con extractos de lavanda, que ayudan a regenerar, nutrir e hidratar la piel.<br \/> Producto biodegradable, libre de aceite de palma, sulfatos, ftalatos, parafinas, siliconas, PEG, parabenos y kathon. Contiene conservantes naturales. F\u00f3rmula vegana y no testada en animales.<\/p>\n<p> BENEFICIOS<br \/> LAVANDA (extracto de flor, hoja y tallo de Lavandula Spica): act\u00faa como un potente astringente y antis\u00e9ptico natural, eliminando el exceso de sebo y grasa sin obstruir los poros. Hidrata y nutre profundamente, favoreciendo la regeneraci\u00f3n y reparaci\u00f3n de la piel para un aspecto m\u00e1s joven.<\/p>\n<p> Origen: Nacional<\/p>\n","protected":false},"excerpt":{"rendered":"<p>Jab\u00f3n natural artesanal elaborado con una mezcla de aceites de oliva y coco, junto con glicerina vegetal. Enriquecido con extractos de lavanda, que ayudan a regenerar, nutrir e hidratar la piel. Producto biodegradable, libre de aceite de palma, sulfatos, ftalatos, parafinas, siliconas, PEG, parabenos y kathon. Contiene conservantes naturales. F\u00f3rmula vegana y no testada en animales. BENEFICIOS LAVANDA (extracto de flor, hoja y tallo de Lavandula Spica): act\u00faa como un potente astringente y antis\u00e9ptico natural, eliminando el exceso de sebo y grasa sin obstruir los poros. Hidrata y nutre profundamente, favoreciendo la regeneraci\u00f3n y reparaci\u00f3n de la piel para un aspecto m\u00e1s joven. Origen: Nacional<\/p>\n","protected":false},"featured_media":71303,"comment_status":"open","ping_status":"closed","template":"","meta":{"_acf_changed":false,"_joinchat":[]},"product_brand":[],"product_cat":[267],"product_tag":[],"class_list":{"0":"post-71302","1":"product","2":"type-product","3":"status-publish","4":"has-post-thumbnail","6":"product_cat-higiene","8":"first","9":"instock","10":"taxable","11":"shipping-taxable","12":"purchasable","13":"product-type-variable","14":"has-default-attributes"},"acf":[],"_links":{"self":[{"href":"https:\/\/mitjavilaslowshop.com\/es\/wp-json\/wp\/v2\/product\/71302","targetHints":{"allow":["GET"]}}],"collection":[{"href":"https:\/\/mitjavilaslowshop.com\/es\/wp-json\/wp\/v2\/product"}],"about":[{"href":"https:\/\/mitjavilaslowshop.com\/es\/wp-json\/wp\/v2\/types\/product"}],"replies":[{"embeddable":true,"href":"https:\/\/mitjavilaslowshop.com\/es\/wp-json\/wp\/v2\/comments?post=71302"}],"version-history":[{"count":4,"href":"https:\/\/mitjavilaslowshop.com\/es\/wp-json\/wp\/v2\/product\/71302\/revisions"}],"predecessor-version":[{"id":78957,"href":"https:\/\/mitjavilaslowshop.com\/es\/wp-json\/wp\/v2\/product\/71302\/revisions\/78957"}],"wp:featuredmedia":[{"embeddable":true,"href":"https:\/\/mitjavilaslowshop.com\/es\/wp-json\/wp\/v2\/media\/71303"}],"wp:attachment":[{"href":"https:\/\/mitjavilaslowshop.com\/es\/wp-json\/wp\/v2\/media?parent=71302"}],"wp:term":[{"taxonomy":"product_brand","embeddable":true,"href":"https:\/\/mitjavilaslowshop.com\/es\/wp-json\/wp\/v2\/product_brand?post=71302"},{"taxonomy":"product_cat","embeddable":true,"href":"https:\/\/mitjavilaslowshop.com\/es\/wp-json\/wp\/v2\/product_cat?post=71302"},{"taxonomy":"product_tag","embeddable":true,"href":"https:\/\/mitjavilaslowshop.com\/es\/wp-json\/wp\/v2\/product_tag?post=71302"}],"curies":[{"name":"wp","href":"https:\/\/api.w.org\/{rel}","templated":true}]}}