{"id":71294,"date":"2026-01-04T18:26:29","date_gmt":"2026-01-04T18:26:29","guid":{"rendered":"https:\/\/mitjavilaslowshop.com\/producte\/bb-gel-rentaplats-maquina\/"},"modified":"2026-03-17T13:48:06","modified_gmt":"2026-03-17T13:48:06","slug":"bb-gel-lavavajillas-maquina","status":"publish","type":"product","link":"https:\/\/mitjavilaslowshop.com\/es\/producte\/bb-gel-lavavajillas-maquina\/","title":{"rendered":"BB GEL LAVAVAJILLAS M\u00c1QUINA"},"content":{"rendered":"<p>El gel lavavajillas para m\u00e1quina es la opci\u00f3n perfecta para obtener una vajilla limpia y reluciente sin recurrir a productos qu\u00edmicos agresivos. Su f\u00f3rmula con ingredientes naturales y biodegradables elimina eficazmente la grasa y los restos de comida, protegiendo tu salud y el medio ambiente.<br \/>Origen: Catalu\u00f1a<\/p>\n","protected":false},"excerpt":{"rendered":"<p>El gel lavavajillas para m\u00e1quina es la opci\u00f3n perfecta para obtener una vajilla limpia y reluciente sin recurrir a productos qu\u00edmicos agresivos. Su f\u00f3rmula con ingredientes naturales y biodegradables elimina eficazmente la grasa y los restos de comida, protegiendo tu salud y el medio ambiente.Origen: Catalu\u00f1a<\/p>\n","protected":false},"featured_media":71295,"comment_status":"open","ping_status":"closed","template":"","meta":{"_acf_changed":false,"_joinchat":[]},"product_brand":[],"product_cat":[267],"product_tag":[],"class_list":{"0":"post-71294","1":"product","2":"type-product","3":"status-publish","4":"has-post-thumbnail","6":"product_cat-higiene","8":"first","9":"instock","10":"taxable","11":"shipping-taxable","12":"purchasable","13":"product-type-simple"},"acf":[],"_links":{"self":[{"href":"https:\/\/mitjavilaslowshop.com\/es\/wp-json\/wp\/v2\/product\/71294","targetHints":{"allow":["GET"]}}],"collection":[{"href":"https:\/\/mitjavilaslowshop.com\/es\/wp-json\/wp\/v2\/product"}],"about":[{"href":"https:\/\/mitjavilaslowshop.com\/es\/wp-json\/wp\/v2\/types\/product"}],"replies":[{"embeddable":true,"href":"https:\/\/mitjavilaslowshop.com\/es\/wp-json\/wp\/v2\/comments?post=71294"}],"version-history":[{"count":4,"href":"https:\/\/mitjavilaslowshop.com\/es\/wp-json\/wp\/v2\/product\/71294\/revisions"}],"predecessor-version":[{"id":78955,"href":"https:\/\/mitjavilaslowshop.com\/es\/wp-json\/wp\/v2\/product\/71294\/revisions\/78955"}],"wp:featuredmedia":[{"embeddable":true,"href":"https:\/\/mitjavilaslowshop.com\/es\/wp-json\/wp\/v2\/media\/71295"}],"wp:attachment":[{"href":"https:\/\/mitjavilaslowshop.com\/es\/wp-json\/wp\/v2\/media?parent=71294"}],"wp:term":[{"taxonomy":"product_brand","embeddable":true,"href":"https:\/\/mitjavilaslowshop.com\/es\/wp-json\/wp\/v2\/product_brand?post=71294"},{"taxonomy":"product_cat","embeddable":true,"href":"https:\/\/mitjavilaslowshop.com\/es\/wp-json\/wp\/v2\/product_cat?post=71294"},{"taxonomy":"product_tag","embeddable":true,"href":"https:\/\/mitjavilaslowshop.com\/es\/wp-json\/wp\/v2\/product_tag?post=71294"}],"curies":[{"name":"wp","href":"https:\/\/api.w.org\/{rel}","templated":true}]}}