{"id":71282,"date":"2026-01-04T18:26:30","date_gmt":"2026-01-04T18:26:30","guid":{"rendered":"https:\/\/mitjavilaslowshop.com\/producte\/bb-detergent-rentadora-marsella\/"},"modified":"2026-03-17T13:48:04","modified_gmt":"2026-03-17T13:48:04","slug":"bb-detergente-lavadora-marsella","status":"publish","type":"product","link":"https:\/\/mitjavilaslowshop.com\/es\/producte\/bb-detergente-lavadora-marsella\/","title":{"rendered":"BB DETERGENTE LAVADORA MARSELLA"},"content":{"rendered":"<p>El detergente para lavadora con fragancia de jab\u00f3n de Marsella ofrece una limpieza profunda, dejando la ropa fresca y suave con el aroma tradicional. Formulado con ingredientes naturales y biodegradables, protege tanto tus prendas como el medio ambiente, adem\u00e1s de minimizar residuos gracias a su presentaci\u00f3n a granel.<br \/> Origen: Catalu\u00f1a<\/p>\n","protected":false},"excerpt":{"rendered":"<p>El detergente para lavadora con fragancia de jab\u00f3n de Marsella ofrece una limpieza profunda, dejando la ropa fresca y suave con el aroma tradicional. Formulado con ingredientes naturales y biodegradables, protege tanto tus prendas como el medio ambiente, adem\u00e1s de minimizar residuos gracias a su presentaci\u00f3n a granel. Origen: Catalu\u00f1a<\/p>\n","protected":false},"featured_media":71283,"comment_status":"open","ping_status":"closed","template":"","meta":{"_acf_changed":false,"_joinchat":[]},"product_brand":[],"product_cat":[267],"product_tag":[],"class_list":{"0":"post-71282","1":"product","2":"type-product","3":"status-publish","4":"has-post-thumbnail","6":"product_cat-higiene","8":"first","9":"instock","10":"taxable","11":"shipping-taxable","12":"purchasable","13":"product-type-simple"},"acf":[],"_links":{"self":[{"href":"https:\/\/mitjavilaslowshop.com\/es\/wp-json\/wp\/v2\/product\/71282","targetHints":{"allow":["GET"]}}],"collection":[{"href":"https:\/\/mitjavilaslowshop.com\/es\/wp-json\/wp\/v2\/product"}],"about":[{"href":"https:\/\/mitjavilaslowshop.com\/es\/wp-json\/wp\/v2\/types\/product"}],"replies":[{"embeddable":true,"href":"https:\/\/mitjavilaslowshop.com\/es\/wp-json\/wp\/v2\/comments?post=71282"}],"version-history":[{"count":4,"href":"https:\/\/mitjavilaslowshop.com\/es\/wp-json\/wp\/v2\/product\/71282\/revisions"}],"predecessor-version":[{"id":78952,"href":"https:\/\/mitjavilaslowshop.com\/es\/wp-json\/wp\/v2\/product\/71282\/revisions\/78952"}],"wp:featuredmedia":[{"embeddable":true,"href":"https:\/\/mitjavilaslowshop.com\/es\/wp-json\/wp\/v2\/media\/71283"}],"wp:attachment":[{"href":"https:\/\/mitjavilaslowshop.com\/es\/wp-json\/wp\/v2\/media?parent=71282"}],"wp:term":[{"taxonomy":"product_brand","embeddable":true,"href":"https:\/\/mitjavilaslowshop.com\/es\/wp-json\/wp\/v2\/product_brand?post=71282"},{"taxonomy":"product_cat","embeddable":true,"href":"https:\/\/mitjavilaslowshop.com\/es\/wp-json\/wp\/v2\/product_cat?post=71282"},{"taxonomy":"product_tag","embeddable":true,"href":"https:\/\/mitjavilaslowshop.com\/es\/wp-json\/wp\/v2\/product_tag?post=71282"}],"curies":[{"name":"wp","href":"https:\/\/api.w.org\/{rel}","templated":true}]}}