{"id":71254,"date":"2026-01-04T18:26:34","date_gmt":"2026-01-04T18:26:34","guid":{"rendered":"https:\/\/mitjavilaslowshop.com\/producte\/bb-gel-de-bany-pell-sensible\/"},"modified":"2026-03-17T13:48:01","modified_gmt":"2026-03-17T13:48:01","slug":"bb-gel-de-bao-piel-sensible","status":"publish","type":"product","link":"https:\/\/mitjavilaslowshop.com\/es\/producte\/bb-gel-de-bao-piel-sensible\/","title":{"rendered":"BB GEL DE BA\u00d1O PIEL SENSIBLE"},"content":{"rendered":"<p>El gel de ba\u00f1o para piel sensible es ideal para una limpieza suave, natural y respetuosa con el medio ambiente. Su f\u00f3rmula con ingredientes biodegradables cuida la piel sin causar irritaciones, proporcionando hidrataci\u00f3n y confort. Perfecto para el uso diario y especialmente recomendado para pieles sensibles o at\u00f3picas.<br \/>Origen: Catalu\u00f1a<\/p>\n","protected":false},"excerpt":{"rendered":"<p>El gel de ba\u00f1o para piel sensible es ideal para una limpieza suave, natural y respetuosa con el medio ambiente. Su f\u00f3rmula con ingredientes biodegradables cuida la piel sin causar irritaciones, proporcionando hidrataci\u00f3n y confort. Perfecto para el uso diario y especialmente recomendado para pieles sensibles o at\u00f3picas.Origen: Catalu\u00f1a<\/p>\n","protected":false},"featured_media":71255,"comment_status":"open","ping_status":"closed","template":"","meta":{"_acf_changed":false,"_joinchat":[]},"product_brand":[],"product_cat":[267],"product_tag":[],"class_list":{"0":"post-71254","1":"product","2":"type-product","3":"status-publish","4":"has-post-thumbnail","6":"product_cat-higiene","8":"first","9":"instock","10":"taxable","11":"shipping-taxable","12":"purchasable","13":"product-type-simple"},"acf":[],"_links":{"self":[{"href":"https:\/\/mitjavilaslowshop.com\/es\/wp-json\/wp\/v2\/product\/71254","targetHints":{"allow":["GET"]}}],"collection":[{"href":"https:\/\/mitjavilaslowshop.com\/es\/wp-json\/wp\/v2\/product"}],"about":[{"href":"https:\/\/mitjavilaslowshop.com\/es\/wp-json\/wp\/v2\/types\/product"}],"replies":[{"embeddable":true,"href":"https:\/\/mitjavilaslowshop.com\/es\/wp-json\/wp\/v2\/comments?post=71254"}],"version-history":[{"count":4,"href":"https:\/\/mitjavilaslowshop.com\/es\/wp-json\/wp\/v2\/product\/71254\/revisions"}],"predecessor-version":[{"id":78945,"href":"https:\/\/mitjavilaslowshop.com\/es\/wp-json\/wp\/v2\/product\/71254\/revisions\/78945"}],"wp:featuredmedia":[{"embeddable":true,"href":"https:\/\/mitjavilaslowshop.com\/es\/wp-json\/wp\/v2\/media\/71255"}],"wp:attachment":[{"href":"https:\/\/mitjavilaslowshop.com\/es\/wp-json\/wp\/v2\/media?parent=71254"}],"wp:term":[{"taxonomy":"product_brand","embeddable":true,"href":"https:\/\/mitjavilaslowshop.com\/es\/wp-json\/wp\/v2\/product_brand?post=71254"},{"taxonomy":"product_cat","embeddable":true,"href":"https:\/\/mitjavilaslowshop.com\/es\/wp-json\/wp\/v2\/product_cat?post=71254"},{"taxonomy":"product_tag","embeddable":true,"href":"https:\/\/mitjavilaslowshop.com\/es\/wp-json\/wp\/v2\/product_tag?post=71254"}],"curies":[{"name":"wp","href":"https:\/\/api.w.org\/{rel}","templated":true}]}}