{"id":71238,"date":"2026-01-04T18:26:36","date_gmt":"2026-01-04T18:26:36","guid":{"rendered":"https:\/\/mitjavilaslowshop.com\/producte\/bb-gel-de-bany-taronja-i-soja-sense-sulfats\/"},"modified":"2026-03-17T13:48:01","modified_gmt":"2026-03-17T13:48:01","slug":"bb-gel-de-bao-naranja-y-soja-sin-sulfatos","status":"publish","type":"product","link":"https:\/\/mitjavilaslowshop.com\/es\/producte\/bb-gel-de-bao-naranja-y-soja-sin-sulfatos\/","title":{"rendered":"BB GEL DE BA\u00d1O NARANJA Y SOJA SIN SULFATOS"},"content":{"rendered":"<p>El gel de ba\u00f1o con naranja y soja ofrece una limpieza suave y revitalizante, cuidando la piel de forma natural. Su f\u00f3rmula libre de sulfatos, con ingredientes biodegradables, limpia profundamente mientras hidrata y deja una fresca fragancia c\u00edtrica.<br \/>Origen: Catalu\u00f1a<\/p>\n","protected":false},"excerpt":{"rendered":"<p>El gel de ba\u00f1o con naranja y soja ofrece una limpieza suave y revitalizante, cuidando la piel de forma natural. Su f\u00f3rmula libre de sulfatos, con ingredientes biodegradables, limpia profundamente mientras hidrata y deja una fresca fragancia c\u00edtrica.Origen: Catalu\u00f1a<\/p>\n","protected":false},"featured_media":71239,"comment_status":"open","ping_status":"closed","template":"","meta":{"_acf_changed":false,"_joinchat":[]},"product_brand":[],"product_cat":[267],"product_tag":[],"class_list":{"0":"post-71238","1":"product","2":"type-product","3":"status-publish","4":"has-post-thumbnail","6":"product_cat-higiene","8":"first","9":"instock","10":"taxable","11":"shipping-taxable","12":"purchasable","13":"product-type-simple"},"acf":[],"_links":{"self":[{"href":"https:\/\/mitjavilaslowshop.com\/es\/wp-json\/wp\/v2\/product\/71238","targetHints":{"allow":["GET"]}}],"collection":[{"href":"https:\/\/mitjavilaslowshop.com\/es\/wp-json\/wp\/v2\/product"}],"about":[{"href":"https:\/\/mitjavilaslowshop.com\/es\/wp-json\/wp\/v2\/types\/product"}],"replies":[{"embeddable":true,"href":"https:\/\/mitjavilaslowshop.com\/es\/wp-json\/wp\/v2\/comments?post=71238"}],"version-history":[{"count":4,"href":"https:\/\/mitjavilaslowshop.com\/es\/wp-json\/wp\/v2\/product\/71238\/revisions"}],"predecessor-version":[{"id":78941,"href":"https:\/\/mitjavilaslowshop.com\/es\/wp-json\/wp\/v2\/product\/71238\/revisions\/78941"}],"wp:featuredmedia":[{"embeddable":true,"href":"https:\/\/mitjavilaslowshop.com\/es\/wp-json\/wp\/v2\/media\/71239"}],"wp:attachment":[{"href":"https:\/\/mitjavilaslowshop.com\/es\/wp-json\/wp\/v2\/media?parent=71238"}],"wp:term":[{"taxonomy":"product_brand","embeddable":true,"href":"https:\/\/mitjavilaslowshop.com\/es\/wp-json\/wp\/v2\/product_brand?post=71238"},{"taxonomy":"product_cat","embeddable":true,"href":"https:\/\/mitjavilaslowshop.com\/es\/wp-json\/wp\/v2\/product_cat?post=71238"},{"taxonomy":"product_tag","embeddable":true,"href":"https:\/\/mitjavilaslowshop.com\/es\/wp-json\/wp\/v2\/product_tag?post=71238"}],"curies":[{"name":"wp","href":"https:\/\/api.w.org\/{rel}","templated":true}]}}